{"id":1122,"date":"2021-07-08T12:46:50","date_gmt":"2021-07-08T12:46:50","guid":{"rendered":"https:\/\/kalkandent.com\/?page_id=1122"},"modified":"2021-07-15T18:20:42","modified_gmt":"2021-07-15T18:20:42","slug":"cocuk-dis","status":"publish","type":"page","link":"https:\/\/kalkandent.com\/de\/tedaviler\/cocuk-dis\/","title":{"rendered":"Kinderzahnarzt"},"content":{"rendered":"<section id=\"bt_bb_section69e9dbaa33145\" class=\"bt_bb_section bt_bb_layout_boxed_1200 bt_bb_vertical_align_top bt_bb_section_show_left_boxed_content\"  data-bt-override-class=\"null\"><div class=\"bt_bb_port\"><div class=\"bt_bb_cell\"><div class=\"bt_bb_cell_inner\"><div class=\"bt_bb_row_wrapper\"><div  class=\"bt_bb_row bt_bb_column_gap_35\"  data-bt-override-class=\"{}\"><div  class=\"bt_bb_column col-xxl-6 col-xl-6 bt_bb_vertical_align_top bt_bb_align_left bt_bb_padding_text_indent bt_bb_animation_fade_in animate\" style=\"background-color: rgba(225, 232, 240, 1);\" data-width=\"6\" data-bt-override-class=\"{}\"><div class=\"bt_bb_column_content\"><div class=\"bt_bb_separator bt_bb_border_style_none bt_bb_bottom_spacing_large\" data-bt-override-class=\"null\"><\/div><header class=\"bt_bb_headline bt_bb_font_weight_bold bt_bb_color_scheme_7 bt_bb_dash_none bt_bb_size_large bt_bb_align_inherit bt_bb_dash_type_none\" style=\"; --primary-color:#104099; --secondary-color:#191919;\" data-bt-override-class=\"{&quot;bt_bb_align_&quot;:{&quot;current_class&quot;:&quot;bt_bb_align_inherit&quot;,&quot;xxl&quot;:&quot;inherit&quot;,&quot;xl&quot;:&quot;inherit&quot;}}\"><h2 style=\"font-size:5.625em\" class=\"bt_bb_headline_tag\"><span class=\"bt_bb_headline_content\"><span><small><u>Kinderzahnarzt<\/u><\/small><br \/>\r\n<\/span><\/span><\/h2><\/header><div class=\"bt_bb_separator bt_bb_border_style_none bt_bb_top_spacing_extra_small bt_bb_bottom_spacing_small\" data-bt-override-class=\"null\"><\/div><div  class=\"bt_bb_text\" ><h4>Es ist eine Abteilung deren Ziel es ist, die Gesundheit der Milch- und bleibenden Z\u00e4hne der Kinder zwischen 0-12 Jahren zu sch\u00fctzen und die Probleme die durch Karies, Trauma, erbliche und \u00e4hnliche Faktoren an diesen Z\u00e4hnen verursacht werden, zu besiegen.<\/h4>\n<h4><\/h4>\n<h4>Die Kinderzahnheilkunde ist ein Zweig der Zahnheilkunde, der die Mund- Zahngesundheit und die Kinn-Gesichtsregion Entwicklung von Kindern vom S\u00e4uglingsalter an verfolgt und behandelt. Es ist zudem ein Zweig der Zahnheilkunde, der auch pr\u00e4ventive Ma\u00dfnahmen umfasst.<\/h4>\n<h4><\/h4>\n<h4>Mit der f\u00fcr das Kind am besten geeignete Behandlung, verwandelt es die Zahnbehandlung zu einem Spiel. Auf diese Weise bildet sich bei den Kindern keine Angst vor dem Zahnarzt. Die Kariesrisikogruppe wird ermittelt und je nachdem werden protektive-pr\u00e4ventive Anwendungen (z.B Fissurenversiegelung, lokale Fluoridapplikation) durchgef\u00fchrt.<\/h4>\n<h4><\/h4>\n<h4>Er \u00fcberwacht die Entwicklung des Kiefers und des Zahnes w\u00e4hrend des Wachstums und der Entwicklung. Es beugt einem m\u00f6glichen Zahnengstand durch pr\u00e4ventive kieferorthop\u00e4dische Behandlungen vor. In den F\u00e4llen des Fehlens der bleibenden Z\u00e4hne, verbessert es das \u00e4sthetische Erscheinungsbild und das Kauen durch die Herstellung von Zahnprothesen. Bietet zahn\u00e4rztliche Behandlungen f\u00fcr Kinder, die besondere Pflege ben\u00f6tigen.<\/h4>\n<\/div><div class=\"bt_bb_separator bt_bb_border_style_solid bt_bb_top_spacing_small bt_bb_bottom_spacing_small\" data-bt-override-class=\"null\"><\/div><\/div><\/div><div  class=\"bt_bb_column col-xxl-6 col-xl-6 bt_bb_vertical_align_middle bt_bb_align_center btLazyLoadBackground bt_bb_column_background_image bt_bb_padding_normal bt_bb_animation_fade_in animate\" style=\"background-image:url(&#039;https:\/\/kalkandent.com\/wp-content\/plugins\/bold-page-builder\/img\/blank.gif&#039;);background-position:center;background-size:cover;\" data-background_image_src='https:\/\/kalkandent.com\/wp-content\/uploads\/2021\/07\/cocuk-dis-hekimligi-1.jpg' data-width=\"6\" data-bt-override-class=\"{&quot;bt_bb_align_&quot;:{&quot;current_class&quot;:&quot;bt_bb_align_center&quot;,&quot;xxl&quot;:&quot;center&quot;,&quot;xl&quot;:&quot;center&quot;}}\"><div class=\"bt_bb_column_content\"><div class=\"bt_bb_separator bt_bb_border_style_none bt_bb_bottom_spacing_large bt_bb_hidden_xs\" data-bt-override-class=\"null\"><\/div><div class=\"bt_bb_row_wrapper\"><div  class=\"bt_bb_row_inner\"  data-bt-override-class=\"{}\"><div  class=\"bt_bb_column_inner col-xxl-3 col-xl-3 bt_bb_align_left bt_bb_vertical_align_top bt_bb_padding_normal\"  data-width=\"3\" data-bt-override-class=\"{}\"><div class=\"bt_bb_column_inner_content\"><div class=\"bt_bb_column_inner_highlight\"><\/div><\/div><\/div><div  class=\"bt_bb_column_inner col-xxl-6 col-xl-6 bt_bb_align_center bt_bb_vertical_align_top bt_bb_padding_normal\" style=\"background-color:rgba(255,255,255,0);\" data-width=\"6\" data-bt-override-class=\"{&quot;bt_bb_align_&quot;:{&quot;current_class&quot;:&quot;bt_bb_align_center&quot;,&quot;xxl&quot;:&quot;center&quot;,&quot;xl&quot;:&quot;center&quot;}}\"><div class=\"bt_bb_column_inner_content\"><div class=\"bt_bb_separator bt_bb_border_style_none bt_bb_top_spacing_extra_small bt_bb_bottom_spacing_normal\" data-bt-override-class=\"null\"><\/div><div class=\"bt_bb_separator bt_bb_border_style_none bt_bb_top_spacing_extra_small bt_bb_bottom_spacing_normal\" data-bt-override-class=\"null\"><\/div><div class=\"bt_bb_column_inner_highlight\"><\/div><\/div><\/div><div  class=\"bt_bb_column_inner col-xxl-3 col-xl-3 bt_bb_align_left bt_bb_vertical_align_top\"  data-width=\"3\" data-bt-override-class=\"{}\"><div class=\"bt_bb_column_inner_content\"><div class=\"bt_bb_column_inner_highlight\"><\/div><\/div><\/div><\/div><\/div><div class=\"bt_bb_separator bt_bb_border_style_none bt_bb_bottom_spacing_large bt_bb_hidden_xs\" data-bt-override-class=\"null\"><\/div><\/div><\/div><\/div><\/div><\/div><!-- cell_inner --><\/div><!-- cell --><\/div><!-- port --><\/section>\r\n<script><\/script>","protected":false},"excerpt":{"rendered":"<p>Credibly reintermediate backend ideas for cross-platform models. Continually reintermediate integrated processes through technically sound intellectual capital. Holistically foster superior methodologies without market-driven best practices.<\/p>","protected":false},"author":1,"featured_media":0,"parent":147,"menu_order":0,"comment_status":"closed","ping_status":"open","template":"","meta":{"footnotes":""},"class_list":["post-1122","page","type-page","status-publish","hentry"],"yoast_head":"<!-- This site is optimized with the Yoast SEO plugin v26.8 - https:\/\/yoast.com\/product\/yoast-seo-wordpress\/ -->\n<title>\u00c7ocuk Di\u015f Hekimli\u011fi - Kalkan Dent<\/title>\n<meta name=\"robots\" content=\"index, follow, max-snippet:-1, max-image-preview:large, max-video-preview:-1\" \/>\n<link rel=\"canonical\" href=\"https:\/\/kalkandent.com\/de\/tedaviler\/cocuk-dis\/\" \/>\n<meta property=\"og:locale\" content=\"de_DE\" \/>\n<meta property=\"og:type\" content=\"article\" \/>\n<meta property=\"og:title\" content=\"\u00c7ocuk Di\u015f Hekimli\u011fi - Kalkan Dent\" \/>\n<meta property=\"og:description\" content=\"Credibly reintermediate backend ideas for cross-platform models. Continually reintermediate integrated processes through technically sound intellectual capital. Holistically foster superior methodologies without market-driven best practices.\" \/>\n<meta property=\"og:url\" content=\"https:\/\/kalkandent.com\/de\/tedaviler\/cocuk-dis\/\" \/>\n<meta property=\"og:site_name\" content=\"Kalkan Dent\" \/>\n<meta property=\"article:modified_time\" content=\"2021-07-15T18:20:42+00:00\" \/>\n<meta name=\"twitter:card\" content=\"summary_large_image\" \/>\n<meta name=\"twitter:label1\" content=\"Gesch\u00e4tzte Lesezeit\" \/>\n\t<meta name=\"twitter:data1\" content=\"4\u00a0Minuten\" \/>\n<script type=\"application\/ld+json\" class=\"yoast-schema-graph\">{\"@context\":\"https:\/\/schema.org\",\"@graph\":[{\"@type\":\"WebPage\",\"@id\":\"https:\/\/kalkandent.com\/tedaviler\/cocuk-dis\/\",\"url\":\"https:\/\/kalkandent.com\/tedaviler\/cocuk-dis\/\",\"name\":\"\u00c7ocuk Di\u015f Hekimli\u011fi - Kalkan Dent\",\"isPartOf\":{\"@id\":\"https:\/\/kalkandent.com\/#website\"},\"datePublished\":\"2021-07-08T12:46:50+00:00\",\"dateModified\":\"2021-07-15T18:20:42+00:00\",\"breadcrumb\":{\"@id\":\"https:\/\/kalkandent.com\/tedaviler\/cocuk-dis\/#breadcrumb\"},\"inLanguage\":\"de\",\"potentialAction\":[{\"@type\":\"ReadAction\",\"target\":[\"https:\/\/kalkandent.com\/tedaviler\/cocuk-dis\/\"]}]},{\"@type\":\"BreadcrumbList\",\"@id\":\"https:\/\/kalkandent.com\/tedaviler\/cocuk-dis\/#breadcrumb\",\"itemListElement\":[{\"@type\":\"ListItem\",\"position\":1,\"name\":\"Anasayfa\",\"item\":\"https:\/\/kalkandent.com\/\"},{\"@type\":\"ListItem\",\"position\":2,\"name\":\"Tedaviler\",\"item\":\"https:\/\/kalkandent.com\/tedaviler\/\"},{\"@type\":\"ListItem\",\"position\":3,\"name\":\"\u00c7ocuk Di\u015f Hekimli\u011fi\"}]},{\"@type\":\"WebSite\",\"@id\":\"https:\/\/kalkandent.com\/#website\",\"url\":\"https:\/\/kalkandent.com\/\",\"name\":\"Kalkan Dent\",\"description\":\"Dental Clinic\",\"publisher\":{\"@id\":\"https:\/\/kalkandent.com\/#organization\"},\"potentialAction\":[{\"@type\":\"SearchAction\",\"target\":{\"@type\":\"EntryPoint\",\"urlTemplate\":\"https:\/\/kalkandent.com\/?s={search_term_string}\"},\"query-input\":{\"@type\":\"PropertyValueSpecification\",\"valueRequired\":true,\"valueName\":\"search_term_string\"}}],\"inLanguage\":\"de\"},{\"@type\":\"Organization\",\"@id\":\"https:\/\/kalkandent.com\/#organization\",\"name\":\"Kalkan Dent\",\"url\":\"https:\/\/kalkandent.com\/\",\"logo\":{\"@type\":\"ImageObject\",\"inLanguage\":\"de\",\"@id\":\"https:\/\/kalkandent.com\/#\/schema\/logo\/image\/\",\"url\":\"https:\/\/kalkandent.com\/wp-content\/uploads\/2021\/09\/k6-1280x854.jpg\",\"contentUrl\":\"https:\/\/kalkandent.com\/wp-content\/uploads\/2021\/09\/k6-1280x854.jpg\",\"width\":1280,\"height\":854,\"caption\":\"Kalkan Dent\"},\"image\":{\"@id\":\"https:\/\/kalkandent.com\/#\/schema\/logo\/image\/\"},\"sameAs\":[\"https:\/\/www.instagram.com\/kalkandent\/\"]}]}<\/script>\n<!-- \/ Yoast SEO plugin. -->","yoast_head_json":{"title":"\u00c7ocuk Di\u015f Hekimli\u011fi - Kalkan Dent","robots":{"index":"index","follow":"follow","max-snippet":"max-snippet:-1","max-image-preview":"max-image-preview:large","max-video-preview":"max-video-preview:-1"},"canonical":"https:\/\/kalkandent.com\/de\/tedaviler\/cocuk-dis\/","og_locale":"de_DE","og_type":"article","og_title":"\u00c7ocuk Di\u015f Hekimli\u011fi - Kalkan Dent","og_description":"Credibly reintermediate backend ideas for cross-platform models. Continually reintermediate integrated processes through technically sound intellectual capital. Holistically foster superior methodologies without market-driven best practices.","og_url":"https:\/\/kalkandent.com\/de\/tedaviler\/cocuk-dis\/","og_site_name":"Kalkan Dent","article_modified_time":"2021-07-15T18:20:42+00:00","twitter_card":"summary_large_image","twitter_misc":{"Gesch\u00e4tzte Lesezeit":"4\u00a0Minuten"},"schema":{"@context":"https:\/\/schema.org","@graph":[{"@type":"WebPage","@id":"https:\/\/kalkandent.com\/tedaviler\/cocuk-dis\/","url":"https:\/\/kalkandent.com\/tedaviler\/cocuk-dis\/","name":"\u00c7ocuk Di\u015f Hekimli\u011fi - Kalkan Dent","isPartOf":{"@id":"https:\/\/kalkandent.com\/#website"},"datePublished":"2021-07-08T12:46:50+00:00","dateModified":"2021-07-15T18:20:42+00:00","breadcrumb":{"@id":"https:\/\/kalkandent.com\/tedaviler\/cocuk-dis\/#breadcrumb"},"inLanguage":"de","potentialAction":[{"@type":"ReadAction","target":["https:\/\/kalkandent.com\/tedaviler\/cocuk-dis\/"]}]},{"@type":"BreadcrumbList","@id":"https:\/\/kalkandent.com\/tedaviler\/cocuk-dis\/#breadcrumb","itemListElement":[{"@type":"ListItem","position":1,"name":"Anasayfa","item":"https:\/\/kalkandent.com\/"},{"@type":"ListItem","position":2,"name":"Tedaviler","item":"https:\/\/kalkandent.com\/tedaviler\/"},{"@type":"ListItem","position":3,"name":"\u00c7ocuk Di\u015f Hekimli\u011fi"}]},{"@type":"WebSite","@id":"https:\/\/kalkandent.com\/#website","url":"https:\/\/kalkandent.com\/","name":"Kalkan Dent","description":"Dental Clinic","publisher":{"@id":"https:\/\/kalkandent.com\/#organization"},"potentialAction":[{"@type":"SearchAction","target":{"@type":"EntryPoint","urlTemplate":"https:\/\/kalkandent.com\/?s={search_term_string}"},"query-input":{"@type":"PropertyValueSpecification","valueRequired":true,"valueName":"search_term_string"}}],"inLanguage":"de"},{"@type":"Organization","@id":"https:\/\/kalkandent.com\/#organization","name":"Kalkan Dent","url":"https:\/\/kalkandent.com\/","logo":{"@type":"ImageObject","inLanguage":"de","@id":"https:\/\/kalkandent.com\/#\/schema\/logo\/image\/","url":"https:\/\/kalkandent.com\/wp-content\/uploads\/2021\/09\/k6-1280x854.jpg","contentUrl":"https:\/\/kalkandent.com\/wp-content\/uploads\/2021\/09\/k6-1280x854.jpg","width":1280,"height":854,"caption":"Kalkan Dent"},"image":{"@id":"https:\/\/kalkandent.com\/#\/schema\/logo\/image\/"},"sameAs":["https:\/\/www.instagram.com\/kalkandent\/"]}]}},"_links":{"self":[{"href":"https:\/\/kalkandent.com\/de\/wp-json\/wp\/v2\/pages\/1122","targetHints":{"allow":["GET"]}}],"collection":[{"href":"https:\/\/kalkandent.com\/de\/wp-json\/wp\/v2\/pages"}],"about":[{"href":"https:\/\/kalkandent.com\/de\/wp-json\/wp\/v2\/types\/page"}],"author":[{"embeddable":true,"href":"https:\/\/kalkandent.com\/de\/wp-json\/wp\/v2\/users\/1"}],"replies":[{"embeddable":true,"href":"https:\/\/kalkandent.com\/de\/wp-json\/wp\/v2\/comments?post=1122"}],"version-history":[{"count":9,"href":"https:\/\/kalkandent.com\/de\/wp-json\/wp\/v2\/pages\/1122\/revisions"}],"predecessor-version":[{"id":1310,"href":"https:\/\/kalkandent.com\/de\/wp-json\/wp\/v2\/pages\/1122\/revisions\/1310"}],"up":[{"embeddable":true,"href":"https:\/\/kalkandent.com\/de\/wp-json\/wp\/v2\/pages\/147"}],"wp:attachment":[{"href":"https:\/\/kalkandent.com\/de\/wp-json\/wp\/v2\/media?parent=1122"}],"curies":[{"name":"wp","href":"https:\/\/api.w.org\/{rel}","templated":true}]}}