{"id":1132,"date":"2021-07-09T11:01:23","date_gmt":"2021-07-09T11:01:23","guid":{"rendered":"https:\/\/kalkandent.com\/?page_id=1132"},"modified":"2021-07-15T18:28:46","modified_gmt":"2021-07-15T18:28:46","slug":"dis-beyazlatma-w","status":"publish","type":"page","link":"https:\/\/kalkandent.com\/de\/tedaviler\/dis-beyazlatma-w\/","title":{"rendered":"Zahnaufhellung"},"content":{"rendered":"<section id=\"bt_bb_section69ea01d1bde0d\" class=\"bt_bb_section bt_bb_layout_boxed_1200 bt_bb_vertical_align_top bt_bb_section_show_left_boxed_content\"  data-bt-override-class=\"null\"><div class=\"bt_bb_port\"><div class=\"bt_bb_cell\"><div class=\"bt_bb_cell_inner\"><div class=\"bt_bb_row_wrapper\"><div  class=\"bt_bb_row bt_bb_column_gap_35\"  data-bt-override-class=\"{}\"><div  class=\"bt_bb_column col-xxl-6 col-xl-6 bt_bb_vertical_align_top bt_bb_align_left bt_bb_padding_text_indent bt_bb_animation_fade_in animate\" style=\"background-color: rgba(225, 232, 240, 1);\" data-width=\"6\" data-bt-override-class=\"{}\"><div class=\"bt_bb_column_content\"><div class=\"bt_bb_separator bt_bb_border_style_none bt_bb_bottom_spacing_large\" data-bt-override-class=\"null\"><\/div><header class=\"bt_bb_headline bt_bb_font_weight_bold bt_bb_color_scheme_7 bt_bb_dash_none bt_bb_size_large bt_bb_align_inherit bt_bb_dash_type_none\" style=\"; --primary-color:#104099; --secondary-color:#191919;\" data-bt-override-class=\"{&quot;bt_bb_align_&quot;:{&quot;current_class&quot;:&quot;bt_bb_align_inherit&quot;,&quot;xxl&quot;:&quot;inherit&quot;,&quot;xl&quot;:&quot;inherit&quot;}}\"><h2 style=\"font-size:5.625em\" class=\"bt_bb_headline_tag\"><span class=\"bt_bb_headline_content\"><span><small><u>Zahnaufhellung<\/u><\/small><br \/>\r\n<\/span><\/span><\/h2><\/header><div class=\"bt_bb_separator bt_bb_border_style_none bt_bb_top_spacing_extra_small bt_bb_bottom_spacing_small\" data-bt-override-class=\"null\"><\/div><div class=\"bt_bb_row_wrapper\"><div  class=\"bt_bb_row_inner\"  data-bt-override-class=\"{}\"><div  class=\"bt_bb_column_inner col-xxl-12 col-xl-12 col-xs-12 col-sm-12 col-md-12 col-lg-12 bt_bb_align_left bt_bb_vertical_align_top\"  data-width=\"12\" data-bt-override-class=\"{}\"><div class=\"bt_bb_column_inner_content\"><div  class=\"bt_bb_text\" ><h4>Gepflegte Z\u00e4hne sind eines der wichtigsten Details, die das Selbstbewusstsein eines Menschen unterstreicht. Unsere Z\u00e4hne sind unsere am offensichtlichsten und wichtigsten Gliedma\u00dfe. Wir erf\u00fcllen alle unsere Bed\u00fcrfnisse wie sprechen, l\u00e4cheln und ern\u00e4hren uns mit unseren Z\u00e4hnen, deshalb ist es wichtig das unsere Z\u00e4hne wei\u00df und gl\u00e4nzend sind. Das Selbstbewusstsein eines Menschen kommt von den wei\u00dfen Z\u00e4hnen. Gelbe Z\u00e4hne k\u00f6nnen aus verschiedenen Gr\u00fcnden gesundheitliche und psychische Probleme verursachen. Mit einer Zahnaufhellung k\u00f6nnen auch Sie ein perfektes L\u00e4cheln haben. Diese Anwendung erfolgt durch das Auftragen einer chemischen L\u00f6sung auf die farbigen Z\u00e4hne. Die Zahnaufhellung ist im Vergleich zu anderen Behandlungen eine sch\u00fctzende und wirksame Methode. Die Integrit\u00e4t Ihrer Z\u00e4hne wird nicht beeintr\u00e4chtigt und Ihre Z\u00e4hne werden in verschiedenen Schattierungen wei\u00df. Die Sauberkeit und die wei\u00dfe Farbe Ihrer Z\u00e4hne ist wichtig f\u00fcr Sch\u00f6nheit und Gesundheit. Die Zahnaufhellung ist die beliebteste zahn\u00e4sthetische Behandlung der letzten Jahre. F\u00fcr Verf\u00e4rbungen der Zahnoberfl\u00e4che sorgen Gele, die organische und anorganische Substanzen enthalten. Durch diese praktische Methode k\u00f6nnen Menschen mit gelben Z\u00e4hnen perfekte Z\u00e4hne bekommen.<\/h4>\n<\/div><div class=\"bt_bb_column_inner_highlight\"><\/div><\/div><\/div><\/div><\/div><div class=\"bt_bb_separator bt_bb_border_style_none bt_bb_bottom_spacing_large\" data-bt-override-class=\"null\"><\/div><\/div><\/div><div  class=\"bt_bb_column col-xxl-6 col-xl-6 bt_bb_vertical_align_middle bt_bb_align_center btLazyLoadBackground bt_bb_column_background_image bt_bb_padding_normal bt_bb_animation_fade_in animate\" style=\"background-image:url(&#039;https:\/\/kalkandent.com\/wp-content\/plugins\/bold-page-builder\/img\/blank.gif&#039;);background-position:center;background-size:cover;\" data-background_image_src='https:\/\/kalkandent.com\/wp-content\/uploads\/2021\/07\/dis-beyazlatma.jpg' data-width=\"6\" data-bt-override-class=\"{&quot;bt_bb_align_&quot;:{&quot;current_class&quot;:&quot;bt_bb_align_center&quot;,&quot;xxl&quot;:&quot;center&quot;,&quot;xl&quot;:&quot;center&quot;}}\"><div class=\"bt_bb_column_content\"><div class=\"bt_bb_separator bt_bb_border_style_none bt_bb_bottom_spacing_large bt_bb_hidden_xs\" data-bt-override-class=\"null\"><\/div><div class=\"bt_bb_row_wrapper\"><div  class=\"bt_bb_row_inner\"  data-bt-override-class=\"{}\"><div  class=\"bt_bb_column_inner col-xxl-3 col-xl-3 bt_bb_align_left bt_bb_vertical_align_top bt_bb_padding_normal\"  data-width=\"3\" data-bt-override-class=\"{}\"><div class=\"bt_bb_column_inner_content\"><div class=\"bt_bb_column_inner_highlight\"><\/div><\/div><\/div><div  class=\"bt_bb_column_inner col-xxl-6 col-xl-6 bt_bb_align_center bt_bb_vertical_align_top bt_bb_padding_normal\" style=\"background-color:rgba(255,255,255,0);\" data-width=\"6\" data-bt-override-class=\"{&quot;bt_bb_align_&quot;:{&quot;current_class&quot;:&quot;bt_bb_align_center&quot;,&quot;xxl&quot;:&quot;center&quot;,&quot;xl&quot;:&quot;center&quot;}}\"><div class=\"bt_bb_column_inner_content\"><div class=\"bt_bb_separator bt_bb_border_style_none bt_bb_top_spacing_extra_small bt_bb_bottom_spacing_normal\" data-bt-override-class=\"null\"><\/div><div class=\"bt_bb_separator bt_bb_border_style_none bt_bb_top_spacing_extra_small bt_bb_bottom_spacing_normal\" data-bt-override-class=\"null\"><\/div><div class=\"bt_bb_column_inner_highlight\"><\/div><\/div><\/div><div  class=\"bt_bb_column_inner col-xxl-3 col-xl-3 bt_bb_align_left bt_bb_vertical_align_top\"  data-width=\"3\" data-bt-override-class=\"{}\"><div class=\"bt_bb_column_inner_content\"><div class=\"bt_bb_column_inner_highlight\"><\/div><\/div><\/div><\/div><\/div><div class=\"bt_bb_separator bt_bb_border_style_none bt_bb_bottom_spacing_large bt_bb_hidden_xs\" data-bt-override-class=\"null\"><\/div><\/div><\/div><\/div><\/div><div class=\"bt_bb_row_wrapper\"><div  class=\"bt_bb_row bt_bb_column_gap_35\"  data-bt-override-class=\"{}\"><div  class=\"bt_bb_column col-xxl-6 col-xl-6 bt_bb_vertical_align_middle bt_bb_align_center btLazyLoadBackground bt_bb_column_background_image bt_bb_padding_normal bt_bb_animation_fade_in animate\" style=\"background-image:url(&#039;https:\/\/kalkandent.com\/wp-content\/plugins\/bold-page-builder\/img\/blank.gif&#039;);background-position:center;background-size:cover;\" data-background_image_src='https:\/\/kalkandent.com\/wp-content\/uploads\/2021\/07\/dis.jpg' data-width=\"6\" data-bt-override-class=\"{&quot;bt_bb_align_&quot;:{&quot;current_class&quot;:&quot;bt_bb_align_center&quot;,&quot;xxl&quot;:&quot;center&quot;,&quot;xl&quot;:&quot;center&quot;}}\"><div class=\"bt_bb_column_content\"><div class=\"bt_bb_separator bt_bb_border_style_none bt_bb_bottom_spacing_large bt_bb_hidden_xs\" data-bt-override-class=\"null\"><\/div><div class=\"bt_bb_row_wrapper\"><div  class=\"bt_bb_row_inner\"  data-bt-override-class=\"{}\"><div  class=\"bt_bb_column_inner col-xxl-3 col-xl-3 bt_bb_align_left bt_bb_vertical_align_top bt_bb_padding_normal\"  data-width=\"3\" data-bt-override-class=\"{}\"><div class=\"bt_bb_column_inner_content\"><div class=\"bt_bb_column_inner_highlight\"><\/div><\/div><\/div><div  class=\"bt_bb_column_inner col-xxl-6 col-xl-6 bt_bb_align_center bt_bb_vertical_align_top bt_bb_padding_normal\" style=\"background-color:rgba(255,255,255,0);\" data-width=\"6\" data-bt-override-class=\"{&quot;bt_bb_align_&quot;:{&quot;current_class&quot;:&quot;bt_bb_align_center&quot;,&quot;xxl&quot;:&quot;center&quot;,&quot;xl&quot;:&quot;center&quot;}}\"><div class=\"bt_bb_column_inner_content\"><div class=\"bt_bb_separator bt_bb_border_style_none bt_bb_top_spacing_extra_small bt_bb_bottom_spacing_normal\" data-bt-override-class=\"null\"><\/div><div class=\"bt_bb_separator bt_bb_border_style_none bt_bb_top_spacing_extra_small bt_bb_bottom_spacing_normal\" data-bt-override-class=\"null\"><\/div><div class=\"bt_bb_column_inner_highlight\"><\/div><\/div><\/div><div  class=\"bt_bb_column_inner col-xxl-3 col-xl-3 bt_bb_align_left bt_bb_vertical_align_top\"  data-width=\"3\" data-bt-override-class=\"{}\"><div class=\"bt_bb_column_inner_content\"><div class=\"bt_bb_column_inner_highlight\"><\/div><\/div><\/div><\/div><\/div><div class=\"bt_bb_separator bt_bb_border_style_none bt_bb_bottom_spacing_large bt_bb_hidden_xs\" data-bt-override-class=\"null\"><\/div><\/div><\/div><div  class=\"bt_bb_column col-xxl-6 col-xl-6 bt_bb_vertical_align_top bt_bb_align_left bt_bb_padding_text_indent bt_bb_animation_fade_in animate\" style=\"background-color: rgba(225, 232, 240, 1);\" data-width=\"6\" data-bt-override-class=\"{}\"><div class=\"bt_bb_column_content\"><div class=\"bt_bb_separator bt_bb_border_style_none bt_bb_bottom_spacing_large\" data-bt-override-class=\"null\"><\/div><div class=\"bt_bb_row_wrapper\"><div  class=\"bt_bb_row_inner\"  data-bt-override-class=\"{}\"><div  class=\"bt_bb_column_inner col-xxl-12 col-xl-12 col-xs-12 col-sm-12 col-md-12 col-lg-12 bt_bb_align_left bt_bb_vertical_align_top\"  data-width=\"12\" data-bt-override-class=\"{}\"><div class=\"bt_bb_column_inner_content\"><div  class=\"bt_bb_text\" ><h4><strong>Was ist Zahnaufhellung, wie wird es angewendet?<\/strong><\/h4>\n<h4>Zahnaufhellung ist f\u00fcr Menschen mit gesunder Mundstruktur und gesunden Z\u00e4hnen geeignet. Bei Menschen mit Zahnfleischerkrankungen und Problemen wie diese sollten diese Erkrankungen zuerst behandelt lassen. Zahnaufhellung ist ein kosmetisches Verfahren und ist m\u00f6glicherweise nicht f\u00fcr jeden geeignet. Es gibt Methoden zur Zahnaufhellung zu Hause und im B\u00fcro. Die Zahnaufhellung nach B\u00fcro Art wird in der Klinik durchgef\u00fchrt.<\/h4>\n<h4>Die Zahnaufhellung zu Hause erfolgt nach der vom Zahnarzt empfohlenen Methode. Die Wirkung der beiden Methoden unterscheiden sich voneinander. Der Zahnarzt, der die Methode und Technik anwendet, entscheidet. Aufhellende Zahnpasta, Gel und andere Produkte auf dem Markt reichen oft nicht aus, um die Z\u00e4hne aufzuhellen. Die falschen Methoden und Produkte k\u00f6nnen Ihren Z\u00e4hnen Schaden zuf\u00fcgen und ernsthafte Gesundheitliche Sch\u00e4den verursachen.<\/h4>\n<h4>Schlechte Verf\u00e4rbungen der Z\u00e4hne k\u00f6nne durch Tee, Kaffee, Zigaretten, s\u00e4ure haltige Getr\u00e4nke und genetischen Gr\u00fcnden auftreten. Zahnaufhellung ist ein Prozess, um diese Flecken und Vergilbungen zu verhindern. Mit dieser von einem professionellen Zahnarzt entwickelten Methode k\u00f6nnen Ihre Z\u00e4hne wei\u00dfer werden. Au\u00dferdem hat die Zahnaufhellung hat keine Nebenwirkungen. Jeder mit einer normalen Mundstruktur kann diese Behandlung erhalten. Dies kann f\u00fcr Kinder unter 18 Jahren, stillende M\u00fctter und schwangere Frauen nachteilig sein. In diesem Fall kann das nur auf Empfehlung des Arztes erfolgen. Dar\u00fcber hinaus sollten Menschen mit vielen L\u00fccken in den Z\u00e4hnen und geschwollenem Zahnfleisch diese Probleme zuerst behandeln lassen. Dann k\u00f6nnen Sie eine Zahnaufhellung durchf\u00fchren. Ihr Arzt wird feststellen, ob sie f\u00fcr diese Situation geeignet sind. Der Bewerbungsprozess ist sehr schnell und einfach. Das ist ein sicherer Weg, um ein faires und nat\u00fcrliches L\u00e4cheln zu erzielen. Bei Menschen mit Zahnfleischproblemen kann es zu schweren Zahnerkrankungen kommen.<\/h4>\n<h4>Bestehen Sie nicht darauf, diese Angelegenheit mit Ihrem Zahnarzt zu besprechen und \u00fcberlassen Sie ihm die Entscheidung. Die Zahnaufhellung kann einmal im Jahr wiederholt werden. Das zu einem bestimmten Zeitpunkt angewendete Programm sorgt f\u00fcr die \u00c4sthetik f\u00fcr Ihre Z\u00e4hne.<\/h4>\n<\/div><div class=\"bt_bb_column_inner_highlight\"><\/div><\/div><\/div><\/div><\/div><div class=\"bt_bb_separator bt_bb_border_style_none bt_bb_bottom_spacing_large\" data-bt-override-class=\"null\"><\/div><\/div><\/div><\/div><\/div><\/div><!-- cell_inner --><\/div><!-- cell --><\/div><!-- port --><\/section>\r\n<script><\/script>","protected":false},"excerpt":{"rendered":"<p>Credibly reintermediate backend ideas for cross-platform models. Continually reintermediate integrated processes through technically sound intellectual capital. Holistically foster superior methodologies without market-driven best practices.<\/p>","protected":false},"author":1,"featured_media":0,"parent":147,"menu_order":0,"comment_status":"closed","ping_status":"open","template":"","meta":{"footnotes":""},"class_list":["post-1132","page","type-page","status-publish","hentry"],"yoast_head":"<!-- This site is optimized with the Yoast SEO plugin v26.8 - https:\/\/yoast.com\/product\/yoast-seo-wordpress\/ -->\n<title>Di\u015f Beyazlatma - Kalkan Dent<\/title>\n<meta name=\"robots\" content=\"index, follow, max-snippet:-1, max-image-preview:large, max-video-preview:-1\" \/>\n<link rel=\"canonical\" href=\"https:\/\/kalkandent.com\/de\/tedaviler\/dis-beyazlatma-w\/\" \/>\n<meta property=\"og:locale\" content=\"de_DE\" \/>\n<meta property=\"og:type\" content=\"article\" \/>\n<meta property=\"og:title\" content=\"Di\u015f Beyazlatma - Kalkan Dent\" \/>\n<meta property=\"og:description\" content=\"Credibly reintermediate backend ideas for cross-platform models. Continually reintermediate integrated processes through technically sound intellectual capital. Holistically foster superior methodologies without market-driven best practices.\" \/>\n<meta property=\"og:url\" content=\"https:\/\/kalkandent.com\/de\/tedaviler\/dis-beyazlatma-w\/\" \/>\n<meta property=\"og:site_name\" content=\"Kalkan Dent\" \/>\n<meta property=\"article:modified_time\" content=\"2021-07-15T18:28:46+00:00\" \/>\n<meta name=\"twitter:card\" content=\"summary_large_image\" \/>\n<meta name=\"twitter:label1\" content=\"Gesch\u00e4tzte Lesezeit\" \/>\n\t<meta name=\"twitter:data1\" content=\"8\u00a0Minuten\" \/>\n<script type=\"application\/ld+json\" class=\"yoast-schema-graph\">{\"@context\":\"https:\/\/schema.org\",\"@graph\":[{\"@type\":\"WebPage\",\"@id\":\"https:\/\/kalkandent.com\/tedaviler\/dis-beyazlatma-w\/\",\"url\":\"https:\/\/kalkandent.com\/tedaviler\/dis-beyazlatma-w\/\",\"name\":\"Di\u015f Beyazlatma - Kalkan Dent\",\"isPartOf\":{\"@id\":\"https:\/\/kalkandent.com\/#website\"},\"datePublished\":\"2021-07-09T11:01:23+00:00\",\"dateModified\":\"2021-07-15T18:28:46+00:00\",\"breadcrumb\":{\"@id\":\"https:\/\/kalkandent.com\/tedaviler\/dis-beyazlatma-w\/#breadcrumb\"},\"inLanguage\":\"de\",\"potentialAction\":[{\"@type\":\"ReadAction\",\"target\":[\"https:\/\/kalkandent.com\/tedaviler\/dis-beyazlatma-w\/\"]}]},{\"@type\":\"BreadcrumbList\",\"@id\":\"https:\/\/kalkandent.com\/tedaviler\/dis-beyazlatma-w\/#breadcrumb\",\"itemListElement\":[{\"@type\":\"ListItem\",\"position\":1,\"name\":\"Anasayfa\",\"item\":\"https:\/\/kalkandent.com\/\"},{\"@type\":\"ListItem\",\"position\":2,\"name\":\"Tedaviler\",\"item\":\"https:\/\/kalkandent.com\/tedaviler\/\"},{\"@type\":\"ListItem\",\"position\":3,\"name\":\"Di\u015f Beyazlatma\"}]},{\"@type\":\"WebSite\",\"@id\":\"https:\/\/kalkandent.com\/#website\",\"url\":\"https:\/\/kalkandent.com\/\",\"name\":\"Kalkan Dent\",\"description\":\"Dental Clinic\",\"publisher\":{\"@id\":\"https:\/\/kalkandent.com\/#organization\"},\"potentialAction\":[{\"@type\":\"SearchAction\",\"target\":{\"@type\":\"EntryPoint\",\"urlTemplate\":\"https:\/\/kalkandent.com\/?s={search_term_string}\"},\"query-input\":{\"@type\":\"PropertyValueSpecification\",\"valueRequired\":true,\"valueName\":\"search_term_string\"}}],\"inLanguage\":\"de\"},{\"@type\":\"Organization\",\"@id\":\"https:\/\/kalkandent.com\/#organization\",\"name\":\"Kalkan Dent\",\"url\":\"https:\/\/kalkandent.com\/\",\"logo\":{\"@type\":\"ImageObject\",\"inLanguage\":\"de\",\"@id\":\"https:\/\/kalkandent.com\/#\/schema\/logo\/image\/\",\"url\":\"https:\/\/kalkandent.com\/wp-content\/uploads\/2021\/09\/k6-1280x854.jpg\",\"contentUrl\":\"https:\/\/kalkandent.com\/wp-content\/uploads\/2021\/09\/k6-1280x854.jpg\",\"width\":1280,\"height\":854,\"caption\":\"Kalkan Dent\"},\"image\":{\"@id\":\"https:\/\/kalkandent.com\/#\/schema\/logo\/image\/\"},\"sameAs\":[\"https:\/\/www.instagram.com\/kalkandent\/\"]}]}<\/script>\n<!-- \/ Yoast SEO plugin. -->","yoast_head_json":{"title":"Di\u015f Beyazlatma - Kalkan Dent","robots":{"index":"index","follow":"follow","max-snippet":"max-snippet:-1","max-image-preview":"max-image-preview:large","max-video-preview":"max-video-preview:-1"},"canonical":"https:\/\/kalkandent.com\/de\/tedaviler\/dis-beyazlatma-w\/","og_locale":"de_DE","og_type":"article","og_title":"Di\u015f Beyazlatma - Kalkan Dent","og_description":"Credibly reintermediate backend ideas for cross-platform models. Continually reintermediate integrated processes through technically sound intellectual capital. Holistically foster superior methodologies without market-driven best practices.","og_url":"https:\/\/kalkandent.com\/de\/tedaviler\/dis-beyazlatma-w\/","og_site_name":"Kalkan Dent","article_modified_time":"2021-07-15T18:28:46+00:00","twitter_card":"summary_large_image","twitter_misc":{"Gesch\u00e4tzte Lesezeit":"8\u00a0Minuten"},"schema":{"@context":"https:\/\/schema.org","@graph":[{"@type":"WebPage","@id":"https:\/\/kalkandent.com\/tedaviler\/dis-beyazlatma-w\/","url":"https:\/\/kalkandent.com\/tedaviler\/dis-beyazlatma-w\/","name":"Di\u015f Beyazlatma - Kalkan Dent","isPartOf":{"@id":"https:\/\/kalkandent.com\/#website"},"datePublished":"2021-07-09T11:01:23+00:00","dateModified":"2021-07-15T18:28:46+00:00","breadcrumb":{"@id":"https:\/\/kalkandent.com\/tedaviler\/dis-beyazlatma-w\/#breadcrumb"},"inLanguage":"de","potentialAction":[{"@type":"ReadAction","target":["https:\/\/kalkandent.com\/tedaviler\/dis-beyazlatma-w\/"]}]},{"@type":"BreadcrumbList","@id":"https:\/\/kalkandent.com\/tedaviler\/dis-beyazlatma-w\/#breadcrumb","itemListElement":[{"@type":"ListItem","position":1,"name":"Anasayfa","item":"https:\/\/kalkandent.com\/"},{"@type":"ListItem","position":2,"name":"Tedaviler","item":"https:\/\/kalkandent.com\/tedaviler\/"},{"@type":"ListItem","position":3,"name":"Di\u015f Beyazlatma"}]},{"@type":"WebSite","@id":"https:\/\/kalkandent.com\/#website","url":"https:\/\/kalkandent.com\/","name":"Kalkan Dent","description":"Dental Clinic","publisher":{"@id":"https:\/\/kalkandent.com\/#organization"},"potentialAction":[{"@type":"SearchAction","target":{"@type":"EntryPoint","urlTemplate":"https:\/\/kalkandent.com\/?s={search_term_string}"},"query-input":{"@type":"PropertyValueSpecification","valueRequired":true,"valueName":"search_term_string"}}],"inLanguage":"de"},{"@type":"Organization","@id":"https:\/\/kalkandent.com\/#organization","name":"Kalkan Dent","url":"https:\/\/kalkandent.com\/","logo":{"@type":"ImageObject","inLanguage":"de","@id":"https:\/\/kalkandent.com\/#\/schema\/logo\/image\/","url":"https:\/\/kalkandent.com\/wp-content\/uploads\/2021\/09\/k6-1280x854.jpg","contentUrl":"https:\/\/kalkandent.com\/wp-content\/uploads\/2021\/09\/k6-1280x854.jpg","width":1280,"height":854,"caption":"Kalkan Dent"},"image":{"@id":"https:\/\/kalkandent.com\/#\/schema\/logo\/image\/"},"sameAs":["https:\/\/www.instagram.com\/kalkandent\/"]}]}},"_links":{"self":[{"href":"https:\/\/kalkandent.com\/de\/wp-json\/wp\/v2\/pages\/1132","targetHints":{"allow":["GET"]}}],"collection":[{"href":"https:\/\/kalkandent.com\/de\/wp-json\/wp\/v2\/pages"}],"about":[{"href":"https:\/\/kalkandent.com\/de\/wp-json\/wp\/v2\/types\/page"}],"author":[{"embeddable":true,"href":"https:\/\/kalkandent.com\/de\/wp-json\/wp\/v2\/users\/1"}],"replies":[{"embeddable":true,"href":"https:\/\/kalkandent.com\/de\/wp-json\/wp\/v2\/comments?post=1132"}],"version-history":[{"count":5,"href":"https:\/\/kalkandent.com\/de\/wp-json\/wp\/v2\/pages\/1132\/revisions"}],"predecessor-version":[{"id":1318,"href":"https:\/\/kalkandent.com\/de\/wp-json\/wp\/v2\/pages\/1132\/revisions\/1318"}],"up":[{"embeddable":true,"href":"https:\/\/kalkandent.com\/de\/wp-json\/wp\/v2\/pages\/147"}],"wp:attachment":[{"href":"https:\/\/kalkandent.com\/de\/wp-json\/wp\/v2\/media?parent=1132"}],"curies":[{"name":"wp","href":"https:\/\/api.w.org\/{rel}","templated":true}]}}