{"id":1289,"date":"2021-07-15T18:05:27","date_gmt":"2021-07-15T18:05:27","guid":{"rendered":"https:\/\/kalkandent.com\/?page_id=1289"},"modified":"2025-12-28T19:26:28","modified_gmt":"2025-12-28T19:26:28","slug":"dr-dt-pinar-sayin","status":"publish","type":"page","link":"https:\/\/kalkandent.com\/de\/ekip\/dr-dt-pinar-sayin\/","title":{"rendered":"Dr. Dt. P\u0131nar Say\u0131n"},"content":{"rendered":"<section id=\"bt_bb_section69ea021a29f87\" class=\"bt_bb_section bt_bb_layout_boxed_1200 bt_bb_vertical_align_top bt_bb_top_spacing_large\"  data-bt-override-class=\"null\"><div class=\"bt_bb_background_image_holder_wrapper\"><div class=\"bt_bb_background_image_holder btLazyLoadBackground\"  data-background_image_src=\"https:\/\/kalkandent.com\/wp-content\/uploads\/2020\/02\/bgn-doctor.jpg\" data-parallax-zoom-start=\"1\" data-parallax-zoom-end=\"1\" data-parallax-blur-start=\"0\" data-parallax-blur-end=\"0\" data-parallax-opacity-start=\"1\" data-parallax-opacity-end=\"1\" style=\" background-image: url(&#039;https:\/\/kalkandent.com\/wp-content\/plugins\/bold-page-builder\/img\/blank.gif&#039;);\"><\/div><\/div><div class=\"bt_bb_port\"><div class=\"bt_bb_cell\"><div class=\"bt_bb_cell_inner\"><div class=\"bt_bb_row_wrapper\"><div  class=\"bt_bb_row\"  data-bt-override-class=\"{}\"><div  class=\"bt_bb_column col-xxl-5 col-xl-5 bt_bb_vertical_align_top bt_bb_align_left bt_bb_padding_normal\"  data-width=\"5\" data-bt-override-class=\"{}\"><div class=\"bt_bb_column_content\"><\/div><\/div><div  class=\"bt_bb_column col-xxl-7 col-xl-7 bt_bb_vertical_align_top bt_bb_align_left bt_bb_padding_normal bt_bb_animation_fade_in animate\"  data-width=\"7\" data-bt-override-class=\"{}\"><div class=\"bt_bb_column_content\"><header class=\"bt_bb_headline bt_bb_font_weight_bold bt_bb_color_scheme_7 bt_bb_dash_none bt_bb_size_large bt_bb_align_inherit bt_bb_dash_type_none\" style=\"; --primary-color:#104099; --secondary-color:#191919;\" data-bt-override-class=\"{&quot;bt_bb_align_&quot;:{&quot;current_class&quot;:&quot;bt_bb_align_inherit&quot;,&quot;xxl&quot;:&quot;inherit&quot;,&quot;xl&quot;:&quot;inherit&quot;}}\"><h2 style=\"font-size:5.625em\" class=\"bt_bb_headline_tag\"><span class=\"bt_bb_headline_content\"><span><small><u>Dr. Dt. P\u0131nar<\/u><\/small><br \/>\r\nSay\u0131n<\/span><\/span><\/h2><\/header><div class=\"bt_bb_separator bt_bb_border_style_none bt_bb_top_spacing_extra_small bt_bb_bottom_spacing_small\" data-bt-override-class=\"null\"><\/div><div  class=\"bt_bb_text\" ><p>Die Zahn\u00e4rztin P\u0131nar Say\u0131n wurde 1995 in Istanbul geboren. Ihre Oberschulausbildung hat sie an der Saint-Joseph-Schule abgeschlossen.<\/p>\n<p>Sie schloss ihr Studium an der Fakult\u00e4t f\u00fcr Zahnmedizin der Yeditepe Universit\u00e4t im Jahre 2018 ab.\n<br><br>\nNach ihrem Abschluss begann sie mit ihrer Promotion in Kieferorthop\u00e4die an der Yeditepe Universit\u00e4t. Sie hat verschiedene Ausbildungen in Bereichen wie Lingualkieferorthop\u00e4die und Clear-Aligner-Behandlungen erhalten und hat sich auf interdisziplin\u00e4re Behandlungen konzentriert. P\u0131nar Say\u0131n hat an vielen Schulungen und Konferenzen teilgenommen. Sie ist au\u00dferdem ein Mitglied der T\u00fcrkischen Kieferorthop\u00e4die- und \u00c4sthetischen Zahn\u00e4rztevereinigung. Sie ist spricht flie\u00dfend Englisch und Franz\u00f6sisch.<\/p>\n<\/div><div class=\"bt_bb_separator bt_bb_border_style_solid bt_bb_top_spacing_small bt_bb_bottom_spacing_small\" data-bt-override-class=\"null\"><\/div><div class=\"bt_bb_icon btIcoTwitter bt_bb_color_scheme_7 bt_bb_style_outline bt_bb_size_xsmall bt_bb_shape_circle bt_bb_target_self bt_bb_text_empty bt_bb_align_inherit\" style=\"padding-right: .5em;; --primary-color:#104099; --secondary-color:#191919;\" data-bt-override-class=\"{&quot;bt_bb_size_&quot;:{&quot;current_class&quot;:&quot;bt_bb_size_xsmall&quot;,&quot;xxl&quot;:&quot;xsmall&quot;,&quot;xl&quot;:&quot;xsmall&quot;},&quot;bt_bb_align_&quot;:{&quot;current_class&quot;:&quot;bt_bb_align_inherit&quot;,&quot;xxl&quot;:&quot;inherit&quot;,&quot;xl&quot;:&quot;inherit&quot;}}\"><a href=\"http:\/\/www.instagram.com\/kalkandent\"  target=\"_self\"   data-ico-=\"\" class=\"bt_bb_icon_holder\"><\/a><\/div><div class=\"bt_bb_separator bt_bb_border_style_none bt_bb_bottom_spacing_normal bt_bb_hidden_md bt_bb_hidden_lg\" data-bt-override-class=\"null\"><\/div><div class=\"bt_bb_image bt_bb_shape_square bt_bb_target_self bt_bb_align_inherit bt_bb_hover_style_simple bt_bb_content_display_always bt_bb_content_align_middle bt_bb_hidden_md bt_bb_hidden_lg\" data-bt-override-class=\"{&quot;bt_bb_align_&quot;:{&quot;current_class&quot;:&quot;bt_bb_align_inherit&quot;,&quot;xxl&quot;:&quot;inherit&quot;,&quot;xl&quot;:&quot;inherit&quot;}}\"><span><img loading=\"lazy\" decoding=\"async\" width=\"1200\" height=\"1697\" src=\"https:\/\/kalkandent.com\/wp-content\/uploads\/2021\/09\/pinarsayin.png\" class=\"attachment-full size-full\" alt=\"https:\/\/kalkandent.com\/wp-content\/uploads\/2021\/09\/pinarsayin.png\" data-full_image_src=\"https:\/\/kalkandent.com\/wp-content\/uploads\/2021\/09\/pinarsayin.png\" title=\"pinarsayin\" srcset=\"https:\/\/kalkandent.com\/wp-content\/uploads\/2021\/09\/pinarsayin.png 1200w, https:\/\/kalkandent.com\/wp-content\/uploads\/2021\/09\/pinarsayin-640x905.png 640w, https:\/\/kalkandent.com\/wp-content\/uploads\/2021\/09\/pinarsayin-768x1086.png 768w, https:\/\/kalkandent.com\/wp-content\/uploads\/2021\/09\/pinarsayin-1086x1536.png 1086w, https:\/\/kalkandent.com\/wp-content\/uploads\/2021\/09\/pinarsayin-320x453.png 320w\" sizes=\"auto, (max-width: 1200px) 100vw, 1200px\" \/><\/span><\/div><div class=\"bt_bb_separator bt_bb_border_style_none bt_bb_bottom_spacing_large bt_bb_hidden_xs bt_bb_hidden_ms bt_bb_hidden_sm\" data-bt-override-class=\"null\"><\/div><\/div><\/div><\/div><\/div><\/div><!-- cell_inner --><\/div><!-- cell --><\/div><!-- port --><\/section><section id=\"bt_bb_section69ea021a2ac93\" class=\"bt_bb_section bt_bb_color_scheme_11 bt_bb_layout_boxed_1200 bt_bb_vertical_align_top bt_bb_background_overlay_alternate_solid bt_bb_top_spacing_normal\" style=\"position: relative; z-index: 2;; --section-primary-color:#ffffff; --section-secondary-color:#104099;background-position:center top;\" data-bt-override-class=\"null\"><div class=\"bt_bb_background_image_holder_wrapper\"><div class=\"bt_bb_background_image_holder btLazyLoadBackground\"  data-background_image_src=\"https:\/\/kalkandent.com\/wp-content\/uploads\/2020\/01\/post-27.jpg\" data-parallax-zoom-start=\"1\" data-parallax-zoom-end=\"1\" data-parallax-blur-start=\"0\" data-parallax-blur-end=\"0\" data-parallax-opacity-start=\"1\" data-parallax-opacity-end=\"1\" style=\" background-image: url(&#039;https:\/\/kalkandent.com\/wp-content\/plugins\/bold-page-builder\/img\/blank.gif&#039;);\"><\/div><\/div><div class=\"bt_bb_port\"><div class=\"bt_bb_cell\"><div class=\"bt_bb_cell_inner\"><div class=\"bt_bb_row_wrapper\"><div  class=\"bt_bb_row\"  data-bt-override-class=\"{}\"><div  class=\"bt_bb_column col-xxl-5 col-xl-5 bt_bb_vertical_align_top bt_bb_align_left bt_bb_padding_normal bt_bb_animation_fade_in bt_bb_animation_move_up animate\" style=\"position: relative;\" data-width=\"5\" data-bt-override-class=\"{}\"><div class=\"bt_bb_column_content\"><div class=\"bt_bb_image bt_bb_shape_square bt_bb_target_self bt_bb_align_inherit bt_bb_hover_style_simple bt_bb_content_display_always bt_bb_content_align_middle bt_bb_hidden_xs bt_bb_hidden_ms bt_bb_hidden_sm\" style=\"position: absolute; bottom: 0;\" data-bt-override-class=\"{&quot;bt_bb_align_&quot;:{&quot;current_class&quot;:&quot;bt_bb_align_inherit&quot;,&quot;xxl&quot;:&quot;inherit&quot;,&quot;xl&quot;:&quot;inherit&quot;}}\"><span><img loading=\"lazy\" decoding=\"async\" width=\"1200\" height=\"1697\" src=\"https:\/\/kalkandent.com\/wp-content\/uploads\/2021\/09\/pinarsayin.png\" class=\"attachment-full size-full\" alt=\"https:\/\/kalkandent.com\/wp-content\/uploads\/2021\/09\/pinarsayin.png\" data-full_image_src=\"https:\/\/kalkandent.com\/wp-content\/uploads\/2021\/09\/pinarsayin.png\" title=\"pinarsayin\" srcset=\"https:\/\/kalkandent.com\/wp-content\/uploads\/2021\/09\/pinarsayin.png 1200w, https:\/\/kalkandent.com\/wp-content\/uploads\/2021\/09\/pinarsayin-640x905.png 640w, https:\/\/kalkandent.com\/wp-content\/uploads\/2021\/09\/pinarsayin-768x1086.png 768w, https:\/\/kalkandent.com\/wp-content\/uploads\/2021\/09\/pinarsayin-1086x1536.png 1086w, https:\/\/kalkandent.com\/wp-content\/uploads\/2021\/09\/pinarsayin-320x453.png 320w\" sizes=\"auto, (max-width: 1200px) 100vw, 1200px\" \/><\/span><\/div><\/div><\/div><div  class=\"bt_bb_column col-xxl-7 col-xl-7 bt_bb_vertical_align_middle bt_bb_align_left bt_bb_padding_normal bt_bb_animation_fade_in animate\"  data-width=\"7\" data-bt-override-class=\"{}\"><div class=\"bt_bb_column_content\"><div class=\"bt_bb_row_wrapper\"><div  class=\"bt_bb_row_inner\"  data-bt-override-class=\"{}\"><div  class=\"bt_bb_column_inner col-xxl-3 col-xl-3 bt_bb_align_center bt_bb_vertical_align_top bt_bb_padding_normal\"  data-width=\"3\" data-bt-override-class=\"{}\"><div class=\"bt_bb_column_inner_content\"><div class=\"bt_bb_icon bt_bb_color_scheme_3 bt_bb_style_borderless bt_bb_size_large bt_bb_shape_circle bt_bb_target_self bt_bb_text_empty bt_bb_align_inherit\" style=\"; --primary-color:#00af89; --secondary-color:#191919;\" data-bt-override-class=\"{&quot;bt_bb_size_&quot;:{&quot;current_class&quot;:&quot;bt_bb_size_large&quot;,&quot;xxl&quot;:&quot;large&quot;,&quot;xl&quot;:&quot;large&quot;},&quot;bt_bb_align_&quot;:{&quot;current_class&quot;:&quot;bt_bb_align_inherit&quot;,&quot;xxl&quot;:&quot;inherit&quot;,&quot;xl&quot;:&quot;inherit&quot;}}\"><span  data-ico-dentist1=\"&#xe906;\" class=\"bt_bb_icon_holder\"><\/span><\/div><div class=\"bt_bb_separator bt_bb_border_style_none bt_bb_bottom_spacing_small\" data-bt-override-class=\"null\"><\/div><div  class=\"bt_bb_text\" ><\/div><div class=\"bt_bb_separator bt_bb_border_style_none bt_bb_top_spacing_extra_small bt_bb_bottom_spacing_small\" data-bt-override-class=\"null\"><\/div><div class=\"bt_bb_column_inner_highlight\"><\/div><\/div><\/div><div  class=\"bt_bb_column_inner col-xxl-3 col-xl-3 bt_bb_align_center bt_bb_vertical_align_top bt_bb_padding_normal\"  data-width=\"3\" data-bt-override-class=\"{}\"><div class=\"bt_bb_column_inner_content\"><div class=\"bt_bb_icon bt_bb_color_scheme_3 bt_bb_style_borderless bt_bb_size_large bt_bb_shape_circle bt_bb_target_self bt_bb_text_empty bt_bb_align_inherit\" style=\"; --primary-color:#00af89; --secondary-color:#191919;\" data-bt-override-class=\"{&quot;bt_bb_size_&quot;:{&quot;current_class&quot;:&quot;bt_bb_size_large&quot;,&quot;xxl&quot;:&quot;large&quot;,&quot;xl&quot;:&quot;large&quot;},&quot;bt_bb_align_&quot;:{&quot;current_class&quot;:&quot;bt_bb_align_inherit&quot;,&quot;xxl&quot;:&quot;inherit&quot;,&quot;xl&quot;:&quot;inherit&quot;}}\"><span  data-ico-dentalcare=\"&#xe901;\" class=\"bt_bb_icon_holder\"><\/span><\/div><div class=\"bt_bb_separator bt_bb_border_style_none bt_bb_bottom_spacing_small\" data-bt-override-class=\"null\"><\/div><div  class=\"bt_bb_text\" ><\/div><div class=\"bt_bb_separator bt_bb_border_style_none bt_bb_top_spacing_extra_small bt_bb_bottom_spacing_small\" data-bt-override-class=\"null\"><\/div><div class=\"bt_bb_column_inner_highlight\"><\/div><\/div><\/div><div  class=\"bt_bb_column_inner col-xxl-3 col-xl-3 bt_bb_align_center bt_bb_vertical_align_top bt_bb_padding_normal\"  data-width=\"3\" data-bt-override-class=\"{}\"><div class=\"bt_bb_column_inner_content\"><div class=\"bt_bb_icon bt_bb_color_scheme_3 bt_bb_style_borderless bt_bb_size_large bt_bb_shape_circle bt_bb_target_self bt_bb_text_empty bt_bb_align_inherit\" style=\"; --primary-color:#00af89; --secondary-color:#191919;\" data-bt-override-class=\"{}\"><span  data-ico-dentalcare=\"&#xe923;\" class=\"bt_bb_icon_holder\"><\/span><\/div><div class=\"bt_bb_separator bt_bb_border_style_none bt_bb_bottom_spacing_small\" data-bt-override-class=\"null\"><\/div><div  class=\"bt_bb_text\" ><\/div><div class=\"bt_bb_separator bt_bb_border_style_none bt_bb_top_spacing_extra_small bt_bb_bottom_spacing_small\" data-bt-override-class=\"null\"><\/div><div class=\"bt_bb_column_inner_highlight\"><\/div><\/div><\/div><div  class=\"bt_bb_column_inner col-xxl-3 col-xl-3 bt_bb_align_center bt_bb_vertical_align_top bt_bb_padding_normal\"  data-width=\"3\" data-bt-override-class=\"{}\"><div class=\"bt_bb_column_inner_content\"><div class=\"bt_bb_icon bt_bb_color_scheme_3 bt_bb_style_borderless bt_bb_size_large bt_bb_shape_circle bt_bb_target_self bt_bb_text_empty bt_bb_align_inherit\" style=\"; --primary-color:#00af89; --secondary-color:#191919;\" data-bt-override-class=\"{}\"><span  data-ico-dentist1=\"&#xe90d;\" class=\"bt_bb_icon_holder\"><\/span><\/div><div class=\"bt_bb_separator bt_bb_border_style_none bt_bb_bottom_spacing_small\" data-bt-override-class=\"null\"><\/div><div  class=\"bt_bb_text\" ><\/div><div class=\"bt_bb_separator bt_bb_border_style_none bt_bb_top_spacing_extra_small bt_bb_bottom_spacing_small\" data-bt-override-class=\"null\"><\/div><div class=\"bt_bb_column_inner_highlight\"><\/div><\/div><\/div><\/div><\/div><div class=\"bt_bb_separator bt_bb_border_style_none bt_bb_top_spacing_extra_small\" data-bt-override-class=\"null\"><\/div><\/div><\/div><\/div><\/div><\/div><!-- cell_inner --><\/div><!-- cell --><\/div><!-- port --><\/section>","protected":false},"excerpt":{"rendered":"<p>Collaboratively administrate turnkey channels whereas virtual e-tailers. Objectively seize scalable metrics whereas proactive e-services. Seamlessly empower fully researched growth strategies and interoperable internal or organic sources.<\/p>","protected":false},"author":1,"featured_media":0,"parent":314,"menu_order":0,"comment_status":"closed","ping_status":"closed","template":"","meta":{"footnotes":""},"class_list":["post-1289","page","type-page","status-publish","hentry"],"yoast_head":"<!-- This site is optimized with the Yoast SEO plugin v26.8 - https:\/\/yoast.com\/product\/yoast-seo-wordpress\/ -->\n<title>Dr. Dt. P\u0131nar Say\u0131n - Kalkan Dent<\/title>\n<meta name=\"robots\" content=\"index, follow, max-snippet:-1, max-image-preview:large, max-video-preview:-1\" \/>\n<link rel=\"canonical\" href=\"https:\/\/kalkandent.com\/de\/ekip\/dr-dt-pinar-sayin\/\" \/>\n<meta property=\"og:locale\" content=\"de_DE\" \/>\n<meta property=\"og:type\" content=\"article\" \/>\n<meta property=\"og:title\" content=\"Dr. Dt. P\u0131nar Say\u0131n - Kalkan Dent\" \/>\n<meta property=\"og:description\" content=\"Collaboratively administrate turnkey channels whereas virtual e-tailers. Objectively seize scalable metrics whereas proactive e-services. Seamlessly empower fully researched growth strategies and interoperable internal or organic sources.\" \/>\n<meta property=\"og:url\" content=\"https:\/\/kalkandent.com\/de\/ekip\/dr-dt-pinar-sayin\/\" \/>\n<meta property=\"og:site_name\" content=\"Kalkan Dent\" \/>\n<meta property=\"article:modified_time\" content=\"2025-12-28T19:26:28+00:00\" \/>\n<meta name=\"twitter:card\" content=\"summary_large_image\" \/>\n<meta name=\"twitter:label1\" content=\"Gesch\u00e4tzte Lesezeit\" \/>\n\t<meta name=\"twitter:data1\" content=\"7\u00a0Minuten\" \/>\n<script type=\"application\/ld+json\" class=\"yoast-schema-graph\">{\"@context\":\"https:\/\/schema.org\",\"@graph\":[{\"@type\":\"WebPage\",\"@id\":\"https:\/\/kalkandent.com\/ekip\/dr-dt-pinar-sayin\/\",\"url\":\"https:\/\/kalkandent.com\/ekip\/dr-dt-pinar-sayin\/\",\"name\":\"Dr. Dt. P\u0131nar Say\u0131n - Kalkan Dent\",\"isPartOf\":{\"@id\":\"https:\/\/kalkandent.com\/#website\"},\"datePublished\":\"2021-07-15T18:05:27+00:00\",\"dateModified\":\"2025-12-28T19:26:28+00:00\",\"breadcrumb\":{\"@id\":\"https:\/\/kalkandent.com\/ekip\/dr-dt-pinar-sayin\/#breadcrumb\"},\"inLanguage\":\"de\",\"potentialAction\":[{\"@type\":\"ReadAction\",\"target\":[\"https:\/\/kalkandent.com\/ekip\/dr-dt-pinar-sayin\/\"]}]},{\"@type\":\"BreadcrumbList\",\"@id\":\"https:\/\/kalkandent.com\/ekip\/dr-dt-pinar-sayin\/#breadcrumb\",\"itemListElement\":[{\"@type\":\"ListItem\",\"position\":1,\"name\":\"Anasayfa\",\"item\":\"https:\/\/kalkandent.com\/\"},{\"@type\":\"ListItem\",\"position\":2,\"name\":\"Ekip\",\"item\":\"https:\/\/kalkandent.com\/ekip\/\"},{\"@type\":\"ListItem\",\"position\":3,\"name\":\"Dr. Dt. P\u0131nar Say\u0131n\"}]},{\"@type\":\"WebSite\",\"@id\":\"https:\/\/kalkandent.com\/#website\",\"url\":\"https:\/\/kalkandent.com\/\",\"name\":\"Kalkan Dent\",\"description\":\"Dental Clinic\",\"publisher\":{\"@id\":\"https:\/\/kalkandent.com\/#organization\"},\"potentialAction\":[{\"@type\":\"SearchAction\",\"target\":{\"@type\":\"EntryPoint\",\"urlTemplate\":\"https:\/\/kalkandent.com\/?s={search_term_string}\"},\"query-input\":{\"@type\":\"PropertyValueSpecification\",\"valueRequired\":true,\"valueName\":\"search_term_string\"}}],\"inLanguage\":\"de\"},{\"@type\":\"Organization\",\"@id\":\"https:\/\/kalkandent.com\/#organization\",\"name\":\"Kalkan Dent\",\"url\":\"https:\/\/kalkandent.com\/\",\"logo\":{\"@type\":\"ImageObject\",\"inLanguage\":\"de\",\"@id\":\"https:\/\/kalkandent.com\/#\/schema\/logo\/image\/\",\"url\":\"https:\/\/kalkandent.com\/wp-content\/uploads\/2021\/09\/k6-1280x854.jpg\",\"contentUrl\":\"https:\/\/kalkandent.com\/wp-content\/uploads\/2021\/09\/k6-1280x854.jpg\",\"width\":1280,\"height\":854,\"caption\":\"Kalkan Dent\"},\"image\":{\"@id\":\"https:\/\/kalkandent.com\/#\/schema\/logo\/image\/\"},\"sameAs\":[\"https:\/\/www.instagram.com\/kalkandent\/\"]}]}<\/script>\n<!-- \/ Yoast SEO plugin. -->","yoast_head_json":{"title":"Dr. Dt. P\u0131nar Say\u0131n - Kalkan Dent","robots":{"index":"index","follow":"follow","max-snippet":"max-snippet:-1","max-image-preview":"max-image-preview:large","max-video-preview":"max-video-preview:-1"},"canonical":"https:\/\/kalkandent.com\/de\/ekip\/dr-dt-pinar-sayin\/","og_locale":"de_DE","og_type":"article","og_title":"Dr. Dt. P\u0131nar Say\u0131n - Kalkan Dent","og_description":"Collaboratively administrate turnkey channels whereas virtual e-tailers. Objectively seize scalable metrics whereas proactive e-services. Seamlessly empower fully researched growth strategies and interoperable internal or organic sources.","og_url":"https:\/\/kalkandent.com\/de\/ekip\/dr-dt-pinar-sayin\/","og_site_name":"Kalkan Dent","article_modified_time":"2025-12-28T19:26:28+00:00","twitter_card":"summary_large_image","twitter_misc":{"Gesch\u00e4tzte Lesezeit":"7\u00a0Minuten"},"schema":{"@context":"https:\/\/schema.org","@graph":[{"@type":"WebPage","@id":"https:\/\/kalkandent.com\/ekip\/dr-dt-pinar-sayin\/","url":"https:\/\/kalkandent.com\/ekip\/dr-dt-pinar-sayin\/","name":"Dr. Dt. P\u0131nar Say\u0131n - Kalkan Dent","isPartOf":{"@id":"https:\/\/kalkandent.com\/#website"},"datePublished":"2021-07-15T18:05:27+00:00","dateModified":"2025-12-28T19:26:28+00:00","breadcrumb":{"@id":"https:\/\/kalkandent.com\/ekip\/dr-dt-pinar-sayin\/#breadcrumb"},"inLanguage":"de","potentialAction":[{"@type":"ReadAction","target":["https:\/\/kalkandent.com\/ekip\/dr-dt-pinar-sayin\/"]}]},{"@type":"BreadcrumbList","@id":"https:\/\/kalkandent.com\/ekip\/dr-dt-pinar-sayin\/#breadcrumb","itemListElement":[{"@type":"ListItem","position":1,"name":"Anasayfa","item":"https:\/\/kalkandent.com\/"},{"@type":"ListItem","position":2,"name":"Ekip","item":"https:\/\/kalkandent.com\/ekip\/"},{"@type":"ListItem","position":3,"name":"Dr. Dt. P\u0131nar Say\u0131n"}]},{"@type":"WebSite","@id":"https:\/\/kalkandent.com\/#website","url":"https:\/\/kalkandent.com\/","name":"Kalkan Dent","description":"Dental Clinic","publisher":{"@id":"https:\/\/kalkandent.com\/#organization"},"potentialAction":[{"@type":"SearchAction","target":{"@type":"EntryPoint","urlTemplate":"https:\/\/kalkandent.com\/?s={search_term_string}"},"query-input":{"@type":"PropertyValueSpecification","valueRequired":true,"valueName":"search_term_string"}}],"inLanguage":"de"},{"@type":"Organization","@id":"https:\/\/kalkandent.com\/#organization","name":"Kalkan Dent","url":"https:\/\/kalkandent.com\/","logo":{"@type":"ImageObject","inLanguage":"de","@id":"https:\/\/kalkandent.com\/#\/schema\/logo\/image\/","url":"https:\/\/kalkandent.com\/wp-content\/uploads\/2021\/09\/k6-1280x854.jpg","contentUrl":"https:\/\/kalkandent.com\/wp-content\/uploads\/2021\/09\/k6-1280x854.jpg","width":1280,"height":854,"caption":"Kalkan Dent"},"image":{"@id":"https:\/\/kalkandent.com\/#\/schema\/logo\/image\/"},"sameAs":["https:\/\/www.instagram.com\/kalkandent\/"]}]}},"_links":{"self":[{"href":"https:\/\/kalkandent.com\/de\/wp-json\/wp\/v2\/pages\/1289","targetHints":{"allow":["GET"]}}],"collection":[{"href":"https:\/\/kalkandent.com\/de\/wp-json\/wp\/v2\/pages"}],"about":[{"href":"https:\/\/kalkandent.com\/de\/wp-json\/wp\/v2\/types\/page"}],"author":[{"embeddable":true,"href":"https:\/\/kalkandent.com\/de\/wp-json\/wp\/v2\/users\/1"}],"replies":[{"embeddable":true,"href":"https:\/\/kalkandent.com\/de\/wp-json\/wp\/v2\/comments?post=1289"}],"version-history":[{"count":15,"href":"https:\/\/kalkandent.com\/de\/wp-json\/wp\/v2\/pages\/1289\/revisions"}],"predecessor-version":[{"id":3086,"href":"https:\/\/kalkandent.com\/de\/wp-json\/wp\/v2\/pages\/1289\/revisions\/3086"}],"up":[{"embeddable":true,"href":"https:\/\/kalkandent.com\/de\/wp-json\/wp\/v2\/pages\/314"}],"wp:attachment":[{"href":"https:\/\/kalkandent.com\/de\/wp-json\/wp\/v2\/media?parent=1289"}],"curies":[{"name":"wp","href":"https:\/\/api.w.org\/{rel}","templated":true}]}}