{"id":1332,"date":"2021-07-15T18:44:19","date_gmt":"2021-07-15T18:44:19","guid":{"rendered":"https:\/\/kalkandent.com\/?page_id=1332"},"modified":"2025-12-28T19:48:11","modified_gmt":"2025-12-28T19:48:11","slug":"s-s-s","status":"publish","type":"page","link":"https:\/\/kalkandent.com\/de\/s-s-s\/","title":{"rendered":"FAQ"},"content":{"rendered":"<section id=\"bt_bb_section6a04cc5ea9081\" class=\"bt_bb_section bt_bb_layout_boxed_1200 bt_bb_vertical_align_top bt_bb_top_spacing_medium bt_bb_bottom_spacing_medium\"  data-bt-override-class=\"null\"><div class=\"bt_bb_port\"><div class=\"bt_bb_cell\"><div class=\"bt_bb_cell_inner\"><div class=\"bt_bb_row_wrapper\"><div  class=\"bt_bb_row\"  data-bt-override-class=\"{}\"><div  class=\"bt_bb_column col-xxl-6 col-xl-6 bt_bb_vertical_align_top bt_bb_align_left bt_bb_padding_normal bt_bb_animation_fade_in bt_bb_animation_move_up animate\"  data-width=\"6\" data-bt-override-class=\"{}\"><div class=\"bt_bb_column_content\"><div class=\"bt_bb_separator bt_bb_border_style_none bt_bb_top_spacing_small\" data-bt-override-class=\"null\"><\/div><header class=\"bt_bb_headline bt_bb_font_weight_bold bt_bb_color_scheme_7 bt_bb_dash_none bt_bb_size_large bt_bb_align_inherit bt_bb_dash_type_none\" style=\"; --primary-color:#104099; --secondary-color:#191919;\" data-bt-override-class=\"{&quot;bt_bb_align_&quot;:{&quot;current_class&quot;:&quot;bt_bb_align_inherit&quot;,&quot;xxl&quot;:&quot;inherit&quot;,&quot;xl&quot;:&quot;inherit&quot;}}\"><h3 style=\"font-size:4.063em\" class=\"bt_bb_headline_tag\"><span class=\"bt_bb_headline_content\"><span><small><u>H\u00e4ufig gestellte<\/u><\/small><br \/>\r\nFragen<\/span><\/span><\/h3><\/header><div class=\"bt_bb_separator bt_bb_border_style_none bt_bb_bottom_spacing_medium\" data-bt-override-class=\"null\"><\/div><\/div><\/div><div  class=\"bt_bb_column col-xxl-6 col-xl-6 bt_bb_vertical_align_top bt_bb_align_left bt_bb_padding_normal\"  data-width=\"6\" data-bt-override-class=\"{}\"><div class=\"bt_bb_column_content\"><\/div><\/div><\/div><\/div><div class=\"bt_bb_row_wrapper\"><div  class=\"bt_bb_row\"  data-bt-override-class=\"{}\"><div  class=\"bt_bb_column col-xxl-12 col-xl-12 col-xs-12 col-sm-12 col-md-12 col-lg-12 bt_bb_vertical_align_top bt_bb_align_left bt_bb_padding_normal\"  data-width=\"12\" data-bt-override-class=\"{}\"><div class=\"bt_bb_column_content\"><div class=\"bt_bb_accordion bt_bb_color_scheme_4 bt_bb_style_outline bt_bb_shape_square\" style=\"; --accordion-primary-color:#00af89; --accordion-secondary-color:#ffffff;\"><div class=\"bt_bb_accordion_item\"><div class=\"bt_bb_accordion_item_title\">Ist die Gesichtsform bei einem L\u00e4cheln-Design wichtig?<\/div><div class=\"bt_bb_accordion_item_content\"><div  class=\"bt_bb_text\" >\n<h4>Nat\u00fcrlich ist es wichtig. Die Z\u00e4hne z\u00e4hlen zusammen mit dem Gesicht und dem L\u00e4cheln als eine ganze Einheit. Damit diese ganze Einheit besteht, muss die Zahnstruktur und Gesichtsform in Harmonie sein. Um ein \u00e4sthetisches L\u00e4cheln zu bekommen, ist das Geschlecht auch wichtig. Denn w\u00e4hrend f\u00fcr Frauen eher zierliche ovale Z\u00e4hne gemacht werden; werden f\u00fcr M\u00e4nner eher eckige Z\u00e4hne gemacht.<\/h4>\n<\/div>\n<\/div><\/div><div class=\"bt_bb_accordion_item\"><div class=\"bt_bb_accordion_item_title\">Ist die erste Untersuchung beim Zahnarzt Pflicht?<\/div><div class=\"bt_bb_accordion_item_content\"><div  class=\"bt_bb_text\" >\n<h4>Zahnbehandlungen bieten eine gro\u00dfe Vielfalt und bei vielen Patienten wird mehr als nur eine Behandlung ben\u00f6tigt. Die richtige Planung solcher Behandlungen, eine komfortablere und k\u00fcrzere Behandlungsabl\u00e4ufe werden erzielt.<\/h4>\n<h4>Die Grundlage der Behandlungsplanung ist die Diagnose. Um die richtige Diagnose zu erreichen und besonders bei Patienten, die \u00e4hnliche Symptome zeigen voneinander zu unterscheiden, kann man verschieden Labortests verwenden. Vor dem Behandlungsplan erfolgt bei der Erstuntersuchung die Planung dieser Untersuchungen.<\/h4>\n<\/div>\n<\/div><\/div><div class=\"bt_bb_accordion_item\"><div class=\"bt_bb_accordion_item_title\">Ab welchem Alter muss ich mein Kind zum Zahnarzt bringen?<\/div><div class=\"bt_bb_accordion_item_content\"><div  class=\"bt_bb_text\" >\n<h4>Die Kinder sollten nach deren Zahndurchbruch sp\u00e4testens, wenn sie 1 Jahr sind, auch wenn sie keine Probleme haben, einen Zahnarzt besuchen; wenn m\u00f6glich zu einem Kinderzahnarzt. Somit werden sie sich an die Umgebung gew\u00f6hnen und die Eltern werden dar\u00fcber informiert, wie sie verschiedene Probleme vermeiden k\u00f6nnen, schon bevor sie auftreten.<\/h4>\n<\/div>\n<\/div><\/div><div class=\"bt_bb_accordion_item\"><div class=\"bt_bb_accordion_item_title\">Was ist die Ursache von Zahnfleischerkrankungen?<\/div><div class=\"bt_bb_accordion_item_content\"><div  class=\"bt_bb_text\" >\n<ul>\n<li>\n<h4>Die Hauptursache ist eine unzureichende Mundpflege und infolge dessen die mikrobielle Plaque, die sich auf den Z\u00e4hnen ansammelt. Genetische Faktoren, systemische Erkrankungen und rauchen haben Einfl\u00fcsse auf den Anfang oder auf die Progression der Krankheit.<\/h4>\n<\/li>\n<\/ul>\n<\/div>\n<\/div><\/div><div class=\"bt_bb_accordion_item\"><div class=\"bt_bb_accordion_item_title\">Was ist Endodontie?<\/div><div class=\"bt_bb_accordion_item_content\"><div  class=\"bt_bb_text\" >\n<h4>Das Wort Endodonti; ist von dem griechischen Wort \u201cEndo\u201d (innen) und \u201codont\u201d (Zahn) abgeleitet. Wie es aus dieser Definition auch ersichtlich wird, ist Endodontie die Wissenschaft, die die Probleme im Zusammenhang mit den inneren Teilen der Z\u00e4hne l\u00f6st. Mit einer genaueren Erl\u00e4uterung ist Endodontie der Zweig der Zahnheilkunde, der sich mit der Diagnose und Behandlung von Erkrankungen des Zahnmarks (lebendes Gewebe, das das Gef\u00e4\u00df-Nerven-Paket enth\u00e4lt) und des den Zahn umgebenden Gewebes befasst.<\/h4>\n<\/div>\n<\/div><\/div><div class=\"bt_bb_accordion_item\"><div class=\"bt_bb_accordion_item_title\">Auf was ist beim L\u00e4cheln-Design zu beachten?<\/div><div class=\"bt_bb_accordion_item_content\"><div  class=\"bt_bb_text\" >\n<h4>Die Patientenzufriedenheit liegt an erster Stelle. Vor der Behandlung wir mit den Patienten \u00fcber deren Beschwerden und warum sie beim Lachen sich unwohl f\u00fchlen gesprochen. Demzufolge wird ein Plan erstellt und die Behandlung beginnt. W\u00e4hrend des L\u00e4cheln-Design-Prozesses wird auf die Lippenstruktur, auf die Zahnl\u00e4nge, auf die Zahnfleischeigenschaften und Lippen- und Zahnharmonie geachtet.<\/h4>\n<\/div>\n<\/div><\/div><div class=\"bt_bb_accordion_item\"><div class=\"bt_bb_accordion_item_title\">Wie werden Zirkonium Z\u00e4hne hergestellt?<\/div><div class=\"bt_bb_accordion_item_content\"><div  class=\"bt_bb_text\" >\n<h4>Die Vorbereitungen bei der Konstruktion der Zirkonium Z\u00e4hne hat dieselben Phasen wie bei der Konstruktion der festsitzenden Prothesen. Die Unterschiede werden nachdem sie zur Zahnlabor verschickt werden bekannt. Das Modell wird mit 3D-Ger\u00e4te analysiert. Die hier beobachteten Daten werden durch CAD-CAM Systemen in Zirkonblock umgewandelt. Nach diesen Prozessen, die vom Computer gesteuert werden, wird die Zirkonium-Infrastruktur fertiggestellt.<\/h4>\n<h4>Die Schritte nach dieser Phase sind wieder mit den Phasen die w\u00e4hrend der Porzellanverblendung stattfinden gleich. Der einzige Unterschied; das opakes Material das als Grundierungsmaterial verwendet wird, um die Farbe des Metalls abzudecken, ist hier nicht erforderlich.<\/h4>\n<\/div>\n<\/div><\/div><div class=\"bt_bb_accordion_item\"><div class=\"bt_bb_accordion_item_title\">Welche Methoden werden am h\u00e4ufigsten in der Zahn\u00e4sthetik verwendet?<\/div><div class=\"bt_bb_accordion_item_content\"><div  class=\"bt_bb_text\" >\n<ul>\n<li>\n<h4>Lamina (Blatt) Porzellane<\/h4>\n<\/li>\n<li>\n<h4>Vollkeramikbeschichtungen<\/h4>\n<\/li>\n<li>\n<h4>Porzellanf\u00fcllungen<\/h4>\n<\/li>\n<\/ul>\n<\/div>\n<\/div><\/div><div class=\"bt_bb_accordion_item\"><div class=\"bt_bb_accordion_item_title\">Wie lange dauert der Heilungsprozess der Zahnfleisch\u00e4sthetik?<\/div><div class=\"bt_bb_accordion_item_content\"><div  class=\"bt_bb_text\" >\n<h4>W\u00e4hrend der Behandlung indem lokale Bet\u00e4ubung verwendet wird, gibt es kein Schmerzgef\u00fchl. F\u00fcr die Schmerzen die nach der Operation auftreten k\u00f6nnen, k\u00f6nnen vom Arzt verschriebene Schmerzmittel verwendet werden. Bei den Behandlungen werden meistens Laseranwendungen verwendet und da es keine Blutungen gibt, geht der Heilungsprozess im Gegensatz zu den anderen Prozessen viel schneller. Der Heilungsprozess bei der Zahnfleisch\u00e4sthetik dauert ca. 10-14 Tage.<\/h4>\n<\/div>\n<\/div><\/div><div class=\"bt_bb_accordion_item\"><div class=\"bt_bb_accordion_item_title\">Was ist ein Mock-up im L\u00e4cheln Design?<\/div><div class=\"bt_bb_accordion_item_content\"><div  class=\"bt_bb_text\" >\n<h4>Die Mock-up Anwendung spiet im Behandlungsplan des L\u00e4cheln Design Kandidaten eine wichtige Rolle. Bei dieser Anwendung wird am Anfang der Behandlung eine Meinung \u00fcber das Ergebnis der Behandlung gebildet. Der Sinn dieser Anwendung ist; das es die M\u00f6glichkeit bietet, das Ergebnis der durchzuf\u00fchrenden Operation an den Z\u00e4hnen des Menschen, n\u00e4mlich das \u201cletzte L\u00e4cheln\u201c, als Vorentwurf zu sehen.  Der Hauptzweck des Mock-up Prozesses ist; das man dem Patienten noch vor dem Beginn der Anwendung zeigen kann, wie sein \u201cletztes L\u00e4cheln\u201c aussehen wird. So wird Ihr L\u00e4cheln im Rahmen ihrer Erwartungen geformt.<\/h4>\n<\/div>\n<\/div><\/div><div class=\"bt_bb_accordion_item\"><div class=\"bt_bb_accordion_item_title\">Was ist Zahn\u00e4sthetik in einer Sitzung? Wie lange dauert es?<\/div><div class=\"bt_bb_accordion_item_content\"><div  class=\"bt_bb_text\" >\n<h4>Heutzutage gibt es zahnmedizinische Technologien, die es erm\u00f6glichen, Zahnbehandlungen mit \u00e4sthetischem Anspruch in kurzer Zeit durchzuf\u00fchren.<\/h4>\n<h4>\u00c4sthetische Zahnbehandlungen wie das Auftragen von Blattporzellan, Vollkeramikb\u00fccken und Keramikf\u00fcllungen k\u00f6nnen in einer einzigen Sitzung durchgef\u00fchrt werden. Das mit einer Digitalkamera aufgenommene Bild nach der Zahnabdruckanfertigung wird in 3D an Computerumgebung \u00fcbertragen. Der Arzt und der Patient beurteilen das Aussehen des neuen Zahns gemeinsam in einer Computerumgebung. Am Ende dieses Zeitraums, wird der neue Zahn vom Ger\u00e4t durch das Abkratzen von speziellen Porzellanbl\u00f6cken pr\u00e4pariert.<\/h4>\n<h4>Dadurch k\u00f6nnen \u00e4sthetische Zahnl\u00f6sungen an einem Tag erreicht werden, ohne tagelang zu proben und auch ohne Sensibilit\u00e4tsprobleme.<\/h4>\n<h4>Das Porzellan das in diesem System verarbeitet wird enth\u00e4lt kein Metall in seiner Struktur. \n<br><br>\nSeine Struktur kommt der nat\u00fcrlichen Struktur des Zahns am n\u00e4chsten. Au\u00dferdem ist es auch in seiner Lichtdurchl\u00e4ssig dem nat\u00fcrlichen Z\u00e4hnen sehr \u00e4hnlich.<\/h4>\n<\/div>\n<\/div><\/div><div class=\"bt_bb_accordion_item\"><div class=\"bt_bb_accordion_item_title\">Bildet sich Schmerz in der transparenten Plaque Behandlung?<\/div><div class=\"bt_bb_accordion_item_content\"><div  class=\"bt_bb_text\" >\n<h4>Um die Z\u00e4hne in Bewegung zu halten wird Kraft ausge\u00fcbt, daher schafft es Dominanz bei der Installation von klaren Platten. Dieser Schmerz, der zum ersten Mal beim Passieren der Z\u00e4hne zu sp\u00fcren ist, tritt nach einer gewissen Zeit nicht mehr auf.<\/h4>\n<\/div>\n<\/div><\/div><div class=\"bt_bb_accordion_item\"><div class=\"bt_bb_accordion_item_title\">Muss ich transparente Plaques abnehmen, wenn ich etwas trinke?<\/div><div class=\"bt_bb_accordion_item_content\"><div  class=\"bt_bb_text\" >\n<h4>Sie k\u00f6nnen Getr\u00e4nke mit einer normalen oder kalten Temperatur trinken. Bei hei\u00dfen Getr\u00e4nken wie Kaffee sollte es jedoch entfernt werden. Da die transparenten Platten thermoplastisch sind, k\u00f6nnen sie sich bei Hitze verformen.<\/h4>\n<\/div>\n<\/div><\/div><div class=\"bt_bb_accordion_item\"><div class=\"bt_bb_accordion_item_title\">Gibt ein Verfahren, nachdem die transparente Plaque Behandlung beendet ist?<\/div><div class=\"bt_bb_accordion_item_content\"><div  class=\"bt_bb_text\" >\n<h4>Anwendbar f\u00fcr alle kieferorthop\u00e4dischen Behandlungen. Nach Ihrer Behandlung werden sehr d\u00fcnne Dr\u00e4hte, die von au\u00dfen nicht sichtbar sind, an der Innenseite der Z\u00e4hne befestigt. Diese Dr\u00e4hte verhindern, dass sich die Z\u00e4hne bewegen oder das sie zur\u00fcck an ihren alten Platz kommen. Die Dauer dieser Dr\u00e4hte bestimmt Ihr Kieferorthop\u00e4de.<\/h4>\n<\/div>\n<\/div><\/div><\/div><div class=\"bt_bb_separator bt_bb_border_style_none bt_bb_bottom_spacing_normal bt_bb_hidden_md bt_bb_hidden_lg\" data-bt-override-class=\"null\"><\/div><\/div><\/div><\/div><\/div><\/div><!-- cell_inner --><\/div><!-- cell --><\/div><!-- port --><\/section><section data-bb-version=\"4.8.4\" id=\"bt_bb_section6a04cc5eaacb8\" class=\"bt_bb_section bt_bb_layout_boxed_1200\"  data-bt-override-class=\"null\"><div class=\"bt_bb_port\"><div class=\"bt_bb_cell\"><div class=\"bt_bb_cell_inner\"><div class=\"bt_bb_row_wrapper\"><div  class=\"bt_bb_row\"  data-bt-override-class=\"{}\"><div data-bb-version=\"4.8.4\"  class=\"bt_bb_column col-xxl-12 col-xl-12 col-xs-12 col-sm-12 col-md-12 col-lg-12 bt_bb_vertical_align_top bt_bb_align_left bt_bb_padding_normal\"  data-width=\"12\" data-bt-override-class=\"{}\"><div class=\"bt_bb_column_content\"><div data-bb-version=\"4.8.4\" class=\"bt_bb_separator\" data-bt-override-class=\"null\"><\/div><\/div><\/div><\/div><\/div><\/div><!-- cell_inner --><\/div><!-- cell --><\/div><!-- port --><\/section>","protected":false},"excerpt":{"rendered":"","protected":false},"author":1,"featured_media":0,"parent":0,"menu_order":0,"comment_status":"open","ping_status":"open","template":"","meta":{"footnotes":""},"class_list":["post-1332","page","type-page","status-publish","hentry"],"yoast_head":"<!-- This site is optimized with the Yoast SEO plugin v26.8 - https:\/\/yoast.com\/product\/yoast-seo-wordpress\/ -->\n<title>S.S.S. - Kalkan Dent<\/title>\n<meta name=\"robots\" content=\"index, follow, max-snippet:-1, max-image-preview:large, max-video-preview:-1\" \/>\n<link rel=\"canonical\" href=\"https:\/\/kalkandent.com\/de\/s-s-s\/\" \/>\n<meta property=\"og:locale\" content=\"de_DE\" \/>\n<meta property=\"og:type\" content=\"article\" \/>\n<meta property=\"og:title\" content=\"S.S.S. - Kalkan Dent\" \/>\n<meta property=\"og:url\" content=\"https:\/\/kalkandent.com\/de\/s-s-s\/\" \/>\n<meta property=\"og:site_name\" content=\"Kalkan Dent\" \/>\n<meta property=\"article:modified_time\" content=\"2025-12-28T19:48:11+00:00\" \/>\n<meta name=\"twitter:card\" content=\"summary_large_image\" \/>\n<meta name=\"twitter:label1\" content=\"Gesch\u00e4tzte Lesezeit\" \/>\n\t<meta name=\"twitter:data1\" content=\"6\u00a0Minuten\" \/>\n<script type=\"application\/ld+json\" class=\"yoast-schema-graph\">{\"@context\":\"https:\/\/schema.org\",\"@graph\":[{\"@type\":\"WebPage\",\"@id\":\"https:\/\/kalkandent.com\/s-s-s\/\",\"url\":\"https:\/\/kalkandent.com\/s-s-s\/\",\"name\":\"S.S.S. - Kalkan Dent\",\"isPartOf\":{\"@id\":\"https:\/\/kalkandent.com\/#website\"},\"datePublished\":\"2021-07-15T18:44:19+00:00\",\"dateModified\":\"2025-12-28T19:48:11+00:00\",\"breadcrumb\":{\"@id\":\"https:\/\/kalkandent.com\/s-s-s\/#breadcrumb\"},\"inLanguage\":\"de\",\"potentialAction\":[{\"@type\":\"ReadAction\",\"target\":[\"https:\/\/kalkandent.com\/s-s-s\/\"]}]},{\"@type\":\"BreadcrumbList\",\"@id\":\"https:\/\/kalkandent.com\/s-s-s\/#breadcrumb\",\"itemListElement\":[{\"@type\":\"ListItem\",\"position\":1,\"name\":\"Anasayfa\",\"item\":\"https:\/\/kalkandent.com\/\"},{\"@type\":\"ListItem\",\"position\":2,\"name\":\"S.S.S.\"}]},{\"@type\":\"WebSite\",\"@id\":\"https:\/\/kalkandent.com\/#website\",\"url\":\"https:\/\/kalkandent.com\/\",\"name\":\"Kalkan Dent\",\"description\":\"Dental Clinic\",\"publisher\":{\"@id\":\"https:\/\/kalkandent.com\/#organization\"},\"potentialAction\":[{\"@type\":\"SearchAction\",\"target\":{\"@type\":\"EntryPoint\",\"urlTemplate\":\"https:\/\/kalkandent.com\/?s={search_term_string}\"},\"query-input\":{\"@type\":\"PropertyValueSpecification\",\"valueRequired\":true,\"valueName\":\"search_term_string\"}}],\"inLanguage\":\"de\"},{\"@type\":\"Organization\",\"@id\":\"https:\/\/kalkandent.com\/#organization\",\"name\":\"Kalkan Dent\",\"url\":\"https:\/\/kalkandent.com\/\",\"logo\":{\"@type\":\"ImageObject\",\"inLanguage\":\"de\",\"@id\":\"https:\/\/kalkandent.com\/#\/schema\/logo\/image\/\",\"url\":\"https:\/\/kalkandent.com\/wp-content\/uploads\/2021\/09\/k6-1280x854.jpg\",\"contentUrl\":\"https:\/\/kalkandent.com\/wp-content\/uploads\/2021\/09\/k6-1280x854.jpg\",\"width\":1280,\"height\":854,\"caption\":\"Kalkan Dent\"},\"image\":{\"@id\":\"https:\/\/kalkandent.com\/#\/schema\/logo\/image\/\"},\"sameAs\":[\"https:\/\/www.instagram.com\/kalkandent\/\"]}]}<\/script>\n<!-- \/ Yoast SEO plugin. -->","yoast_head_json":{"title":"S.S.S. - Kalkan Dent","robots":{"index":"index","follow":"follow","max-snippet":"max-snippet:-1","max-image-preview":"max-image-preview:large","max-video-preview":"max-video-preview:-1"},"canonical":"https:\/\/kalkandent.com\/de\/s-s-s\/","og_locale":"de_DE","og_type":"article","og_title":"S.S.S. - Kalkan Dent","og_url":"https:\/\/kalkandent.com\/de\/s-s-s\/","og_site_name":"Kalkan Dent","article_modified_time":"2025-12-28T19:48:11+00:00","twitter_card":"summary_large_image","twitter_misc":{"Gesch\u00e4tzte Lesezeit":"6\u00a0Minuten"},"schema":{"@context":"https:\/\/schema.org","@graph":[{"@type":"WebPage","@id":"https:\/\/kalkandent.com\/s-s-s\/","url":"https:\/\/kalkandent.com\/s-s-s\/","name":"S.S.S. - Kalkan Dent","isPartOf":{"@id":"https:\/\/kalkandent.com\/#website"},"datePublished":"2021-07-15T18:44:19+00:00","dateModified":"2025-12-28T19:48:11+00:00","breadcrumb":{"@id":"https:\/\/kalkandent.com\/s-s-s\/#breadcrumb"},"inLanguage":"de","potentialAction":[{"@type":"ReadAction","target":["https:\/\/kalkandent.com\/s-s-s\/"]}]},{"@type":"BreadcrumbList","@id":"https:\/\/kalkandent.com\/s-s-s\/#breadcrumb","itemListElement":[{"@type":"ListItem","position":1,"name":"Anasayfa","item":"https:\/\/kalkandent.com\/"},{"@type":"ListItem","position":2,"name":"S.S.S."}]},{"@type":"WebSite","@id":"https:\/\/kalkandent.com\/#website","url":"https:\/\/kalkandent.com\/","name":"Kalkan Dent","description":"Dental Clinic","publisher":{"@id":"https:\/\/kalkandent.com\/#organization"},"potentialAction":[{"@type":"SearchAction","target":{"@type":"EntryPoint","urlTemplate":"https:\/\/kalkandent.com\/?s={search_term_string}"},"query-input":{"@type":"PropertyValueSpecification","valueRequired":true,"valueName":"search_term_string"}}],"inLanguage":"de"},{"@type":"Organization","@id":"https:\/\/kalkandent.com\/#organization","name":"Kalkan Dent","url":"https:\/\/kalkandent.com\/","logo":{"@type":"ImageObject","inLanguage":"de","@id":"https:\/\/kalkandent.com\/#\/schema\/logo\/image\/","url":"https:\/\/kalkandent.com\/wp-content\/uploads\/2021\/09\/k6-1280x854.jpg","contentUrl":"https:\/\/kalkandent.com\/wp-content\/uploads\/2021\/09\/k6-1280x854.jpg","width":1280,"height":854,"caption":"Kalkan Dent"},"image":{"@id":"https:\/\/kalkandent.com\/#\/schema\/logo\/image\/"},"sameAs":["https:\/\/www.instagram.com\/kalkandent\/"]}]}},"_links":{"self":[{"href":"https:\/\/kalkandent.com\/de\/wp-json\/wp\/v2\/pages\/1332","targetHints":{"allow":["GET"]}}],"collection":[{"href":"https:\/\/kalkandent.com\/de\/wp-json\/wp\/v2\/pages"}],"about":[{"href":"https:\/\/kalkandent.com\/de\/wp-json\/wp\/v2\/types\/page"}],"author":[{"embeddable":true,"href":"https:\/\/kalkandent.com\/de\/wp-json\/wp\/v2\/users\/1"}],"replies":[{"embeddable":true,"href":"https:\/\/kalkandent.com\/de\/wp-json\/wp\/v2\/comments?post=1332"}],"version-history":[{"count":9,"href":"https:\/\/kalkandent.com\/de\/wp-json\/wp\/v2\/pages\/1332\/revisions"}],"predecessor-version":[{"id":3084,"href":"https:\/\/kalkandent.com\/de\/wp-json\/wp\/v2\/pages\/1332\/revisions\/3084"}],"wp:attachment":[{"href":"https:\/\/kalkandent.com\/de\/wp-json\/wp\/v2\/media?parent=1332"}],"curies":[{"name":"wp","href":"https:\/\/api.w.org\/{rel}","templated":true}]}}