{"id":148,"date":"2019-12-30T11:36:37","date_gmt":"2019-12-30T11:36:37","guid":{"rendered":"http:\/\/denticare.bold-themes.com\/michelle\/?page_id=148"},"modified":"2021-07-15T18:25:05","modified_gmt":"2021-07-15T18:25:05","slug":"dijital-gulus-tasarimi","status":"publish","type":"page","link":"https:\/\/kalkandent.com\/de\/tedaviler\/dijital-gulus-tasarimi\/","title":{"rendered":"Digitales L\u00e4cheln Design"},"content":{"rendered":"<section id=\"bt_bb_section69ea01d3eb026\" class=\"bt_bb_section bt_bb_layout_boxed_1200 bt_bb_vertical_align_top bt_bb_section_show_left_boxed_content\"  data-bt-override-class=\"null\"><div class=\"bt_bb_port\"><div class=\"bt_bb_cell\"><div class=\"bt_bb_cell_inner\"><div class=\"bt_bb_row_wrapper\"><div  class=\"bt_bb_row bt_bb_column_gap_35\"  data-bt-override-class=\"{}\"><div  class=\"bt_bb_column col-xxl-6 col-xl-6 bt_bb_vertical_align_top bt_bb_align_left bt_bb_padding_text_indent bt_bb_animation_fade_in animate\" style=\"background-color: rgba(225, 232, 240, 1);\" data-width=\"6\" data-bt-override-class=\"{}\"><div class=\"bt_bb_column_content\"><div class=\"bt_bb_separator bt_bb_border_style_none bt_bb_bottom_spacing_large\" data-bt-override-class=\"null\"><\/div><header class=\"bt_bb_headline bt_bb_font_weight_bold bt_bb_color_scheme_7 bt_bb_dash_none bt_bb_size_large bt_bb_align_inherit bt_bb_dash_type_none\" style=\"; --primary-color:#104099; --secondary-color:#191919;\" data-bt-override-class=\"{&quot;bt_bb_align_&quot;:{&quot;current_class&quot;:&quot;bt_bb_align_inherit&quot;,&quot;xxl&quot;:&quot;inherit&quot;,&quot;xl&quot;:&quot;inherit&quot;}}\"><h2 style=\"font-size:5.625em\" class=\"bt_bb_headline_tag\"><span class=\"bt_bb_headline_content\"><span><small><u>Digitales L\u00e4cheln<\/u><\/small><br \/>\r\nDesign<\/span><\/span><\/h2><\/header><div class=\"bt_bb_separator bt_bb_border_style_none bt_bb_top_spacing_extra_small bt_bb_bottom_spacing_small\" data-bt-override-class=\"null\"><\/div><div  class=\"bt_bb_text\" ><h4><strong>Digitales L\u00e4cheln Design<\/strong><\/h4>\n<h4>In den letzten Jahren h\u00f6rte man den Begriff digitales L\u00e4cheln Design immer h\u00e4ufiger. Nicht nur im Bereich der Zahnmedizin, in allen anderen Bereichen gibt es Entwicklungen die mit dem digitalen Zeitalter Schritt halten. Mit digitalem L\u00e4cheln Design ist die Zahnbehandlung praktischer, schmerzfreier und zielorientierter. Die Fehlerquote ist null. Traditionelle Zahnbehandlungen werden mit Intraoralscannern und Computerunterst\u00fctzung durchgef\u00fchrt. Auf diese Weise f\u00fchlt sich der Patient wohler in Bezug auf die Behandlungsergebnisse. Nat\u00fcrlich wird die Arbeit der Zahn\u00e4rzte leichter und sie begannen, Zahnbehandlungen effektiver durchzuf\u00fchren. Mit dem CEREC CAD\/CAM System k\u00f6nnen Zahnbehandlungen, die fr\u00fcher Tage oder sogar Wochen dauerten, in wenigen Stunden abgeschlossen werden. Mit diesem speziellen System k\u00f6nnen orale Bilder aufgenommen und auf den Computer \u00fcbertragen werden, was die Behandlungszeit verk\u00fcrzt und effektivere Ergebnisse liefert. Alle restaurativen Zahnbehandlungen k\u00f6nnen mit diesem System durchgef\u00fchrt werden. Es ist ein innovatives System f\u00fcr Au\u00dfenh\u00fcllen, L\u00e4cheln Design, F\u00fcllungen und viele andere zahn\u00e4rztliche Behandlungen.<\/h4>\n<\/div><div class=\"bt_bb_separator bt_bb_border_style_none bt_bb_bottom_spacing_large\" data-bt-override-class=\"null\"><\/div><\/div><\/div><div  class=\"bt_bb_column col-xxl-6 col-xl-6 bt_bb_vertical_align_middle bt_bb_align_center btLazyLoadBackground bt_bb_column_background_image bt_bb_padding_normal bt_bb_animation_fade_in animate\" style=\"background-image:url(&#039;https:\/\/kalkandent.com\/wp-content\/plugins\/bold-page-builder\/img\/blank.gif&#039;);background-position:center;background-size:cover;\" data-background_image_src='https:\/\/kalkandent.com\/wp-content\/uploads\/2020\/01\/teeth-after.jpg' data-width=\"6\" data-bt-override-class=\"{&quot;bt_bb_align_&quot;:{&quot;current_class&quot;:&quot;bt_bb_align_center&quot;,&quot;xxl&quot;:&quot;center&quot;,&quot;xl&quot;:&quot;center&quot;}}\"><div class=\"bt_bb_column_content\"><div class=\"bt_bb_separator bt_bb_border_style_none bt_bb_bottom_spacing_large bt_bb_hidden_xs\" data-bt-override-class=\"null\"><\/div><div class=\"bt_bb_row_wrapper\"><div  class=\"bt_bb_row_inner\"  data-bt-override-class=\"{}\"><div  class=\"bt_bb_column_inner col-xxl-3 col-xl-3 bt_bb_align_left bt_bb_vertical_align_top bt_bb_padding_normal\"  data-width=\"3\" data-bt-override-class=\"{}\"><div class=\"bt_bb_column_inner_content\"><div class=\"bt_bb_column_inner_highlight\"><\/div><\/div><\/div><div  class=\"bt_bb_column_inner col-xxl-6 col-xl-6 bt_bb_align_center bt_bb_vertical_align_top bt_bb_padding_normal\" style=\"background-color:rgba(255,255,255,0);\" data-width=\"6\" data-bt-override-class=\"{&quot;bt_bb_align_&quot;:{&quot;current_class&quot;:&quot;bt_bb_align_center&quot;,&quot;xxl&quot;:&quot;center&quot;,&quot;xl&quot;:&quot;center&quot;}}\"><div class=\"bt_bb_column_inner_content\"><div class=\"bt_bb_separator bt_bb_border_style_none bt_bb_top_spacing_extra_small bt_bb_bottom_spacing_normal\" data-bt-override-class=\"null\"><\/div><div class=\"bt_bb_separator bt_bb_border_style_none bt_bb_top_spacing_extra_small bt_bb_bottom_spacing_normal\" data-bt-override-class=\"null\"><\/div><div class=\"bt_bb_column_inner_highlight\"><\/div><\/div><\/div><div  class=\"bt_bb_column_inner col-xxl-3 col-xl-3 bt_bb_align_left bt_bb_vertical_align_top\"  data-width=\"3\" data-bt-override-class=\"{}\"><div class=\"bt_bb_column_inner_content\"><div class=\"bt_bb_column_inner_highlight\"><\/div><\/div><\/div><\/div><\/div><div class=\"bt_bb_separator bt_bb_border_style_none bt_bb_bottom_spacing_large bt_bb_hidden_xs\" data-bt-override-class=\"null\"><\/div><\/div><\/div><\/div><\/div><\/div><!-- cell_inner --><\/div><!-- cell --><\/div><!-- port --><\/section><section id=\"bt_bb_section69ea01d3ecbf2\" class=\"bt_bb_section bt_bb_layout_boxed_1200 bt_bb_vertical_align_top bt_bb_section_show_left_boxed_content\"  data-bt-override-class=\"null\"><div class=\"bt_bb_port\"><div class=\"bt_bb_cell\"><div class=\"bt_bb_cell_inner\"><div class=\"bt_bb_row_wrapper\"><div  class=\"bt_bb_row bt_bb_column_gap_35\"  data-bt-override-class=\"{}\"><div  class=\"bt_bb_column col-xxl-6 col-xl-6 bt_bb_vertical_align_middle bt_bb_align_center btLazyLoadBackground bt_bb_column_background_image bt_bb_padding_normal bt_bb_animation_fade_in animate\" style=\"background-image:url(&#039;https:\/\/kalkandent.com\/wp-content\/plugins\/bold-page-builder\/img\/blank.gif&#039;);background-position:center;background-size:cover;\" data-background_image_src='https:\/\/kalkandent.com\/wp-content\/uploads\/2021\/07\/Gulus-tasarimi-1.jpg' data-width=\"6\" data-bt-override-class=\"{&quot;bt_bb_align_&quot;:{&quot;current_class&quot;:&quot;bt_bb_align_center&quot;,&quot;xxl&quot;:&quot;center&quot;,&quot;xl&quot;:&quot;center&quot;}}\"><div class=\"bt_bb_column_content\"><div class=\"bt_bb_separator bt_bb_border_style_none bt_bb_bottom_spacing_large bt_bb_hidden_xs\" data-bt-override-class=\"null\"><\/div><div class=\"bt_bb_row_wrapper\"><div  class=\"bt_bb_row_inner\"  data-bt-override-class=\"{}\"><div  class=\"bt_bb_column_inner col-xxl-3 col-xl-3 bt_bb_align_left bt_bb_vertical_align_top bt_bb_padding_normal\"  data-width=\"3\" data-bt-override-class=\"{}\"><div class=\"bt_bb_column_inner_content\"><div class=\"bt_bb_column_inner_highlight\"><\/div><\/div><\/div><div  class=\"bt_bb_column_inner col-xxl-6 col-xl-6 bt_bb_align_center bt_bb_vertical_align_top bt_bb_padding_normal\" style=\"background-color:rgba(255,255,255,0);\" data-width=\"6\" data-bt-override-class=\"{&quot;bt_bb_align_&quot;:{&quot;current_class&quot;:&quot;bt_bb_align_center&quot;,&quot;xxl&quot;:&quot;center&quot;,&quot;xl&quot;:&quot;center&quot;}}\"><div class=\"bt_bb_column_inner_content\"><div class=\"bt_bb_separator bt_bb_border_style_none bt_bb_top_spacing_extra_small bt_bb_bottom_spacing_normal\" data-bt-override-class=\"null\"><\/div><div class=\"bt_bb_separator bt_bb_border_style_none bt_bb_top_spacing_extra_small bt_bb_bottom_spacing_normal\" data-bt-override-class=\"null\"><\/div><div class=\"bt_bb_column_inner_highlight\"><\/div><\/div><\/div><div  class=\"bt_bb_column_inner col-xxl-3 col-xl-3 bt_bb_align_left bt_bb_vertical_align_top\"  data-width=\"3\" data-bt-override-class=\"{}\"><div class=\"bt_bb_column_inner_content\"><div class=\"bt_bb_column_inner_highlight\"><\/div><\/div><\/div><\/div><\/div><div class=\"bt_bb_separator bt_bb_border_style_none bt_bb_bottom_spacing_large bt_bb_hidden_xs\" data-bt-override-class=\"null\"><\/div><\/div><\/div><div  class=\"bt_bb_column col-xxl-6 col-xl-6 bt_bb_vertical_align_top bt_bb_align_left bt_bb_padding_text_indent bt_bb_animation_fade_in animate\" style=\"background-color: rgba(225, 232, 240, 1);\" data-width=\"6\" data-bt-override-class=\"{}\"><div class=\"bt_bb_column_content\"><div class=\"bt_bb_separator bt_bb_border_style_none bt_bb_bottom_spacing_large\" data-bt-override-class=\"null\"><\/div><div  class=\"bt_bb_text\" ><h4><strong>Was ist digitales L\u00e4cheln Design? <\/strong><\/h4>\n<h4>Der leichteste Weg um ein perfektes L\u00e4cheln zu bekommen. Die gesamte Anwendung ist computergest\u00fctzt und praxisrecht gestaltet. Die Fehlerquote im System ist sehr gering, es werden effektivere L\u00f6sungen angeboten und die Behandlungsschritte werden nach der Reihe angewendet. Dieses System wird mittlerweile in allen Zahnkliniken eingesetzt. Nat\u00fcrlich ist ein System allein nicht ausreichend. Auch der Einsatz dieses innovativen modernen Systems ist sehr wichtig. In jeder Phase der Zahn\u00e4rztlichen Behandlung kommen digitale Komponenten zum Einsatz, au\u00dferdem wird Computerunterst\u00fctzung von der Vorbereitung bis zur Fertigstellung Phase verwendet. Kurz gesagt; es ist eine Technik, die dazu entwickelt wurde, um fr\u00fchere manuelle Zahnbehandlungen angenehmer zu machen. Dieses System kann intraorale Bildgebungen, Zahnvermessungen, Zahnrestaurationen und sogar Zahnherstellung durchf\u00fchren. Computergest\u00fctztes Design bzw. Computergest\u00fctztes Produktion (CAD\/CAM) und 3-D Druck, Kegelstrahl- Computertomografie (CBCT), Intraoralkameras, digitale R\u00f6ntgenfotografie kommen im Rahmen des digital L\u00e4cheln Design zum Einsatz.<\/h4>\n<\/div><div class=\"bt_bb_separator bt_bb_border_style_none bt_bb_bottom_spacing_large\" data-bt-override-class=\"null\"><\/div><\/div><\/div><\/div><\/div><\/div><!-- cell_inner --><\/div><!-- cell --><\/div><!-- port --><\/section><section id=\"bt_bb_section69ea01d3ed4ee\" class=\"bt_bb_section bt_bb_layout_boxed_1200 bt_bb_vertical_align_top bt_bb_section_show_left_boxed_content\"  data-bt-override-class=\"null\"><div class=\"bt_bb_port\"><div class=\"bt_bb_cell\"><div class=\"bt_bb_cell_inner\"><div class=\"bt_bb_row_wrapper\"><div  class=\"bt_bb_row bt_bb_column_gap_35\"  data-bt-override-class=\"{}\"><div  class=\"bt_bb_column col-xxl-6 col-xl-6 bt_bb_vertical_align_top bt_bb_align_left bt_bb_padding_text_indent bt_bb_animation_fade_in animate\" style=\"background-color: rgba(225, 232, 240, 1);\" data-width=\"6\" data-bt-override-class=\"{}\"><div class=\"bt_bb_column_content\"><div class=\"bt_bb_separator bt_bb_border_style_none bt_bb_bottom_spacing_large\" data-bt-override-class=\"null\"><\/div><div  class=\"bt_bb_text\" ><h4><strong>Wie wird digitales L\u00e4cheln Design angewendet?<\/strong><\/h4>\n<h4>Digitales L\u00e4cheln Design bringt viele Vorteile f\u00fcr \u00c4rzte und Patienten. Zahnerkrankungen zu diagnostizieren und fr\u00fchzeitig zu behandeln ist f\u00fcr Patienten und f\u00fcr \u00c4rzte von Vorteil. Komponenten wie Intraoralscanner, 3D-Drucker und CAD\/CAD Systeme machen die Behandlung perfekt. Durch Intraoralscanner, 3D-Drucker und CAD\/CAD Systemen die im Rahmen von L\u00e4cheln Design eingesetzt werden, k\u00f6nnen viele Zahnerkrankungen behandelt werden. Es ist ein fabelhaftes System das auf Zahnf\u00fcllungen, Restauration, R\u00f6ntgenaufnahmen, Zahn Veneers, L\u00e4cheln \u00c4sthetik und alle anderen zahn\u00e4rztlichen Behandlungen angewendet werden kann. Dank dieser Methode, die speziell f\u00fcr \u00e4sthetische Zahnanwendungen verwendet wird, k\u00f6nnen Sie im Voraus sehen, welches L\u00e4cheln und welche Z\u00e4hne sie nach der Behandlung haben werden. In anderen Worten, es ist ein System, das Ihnen vor der Behandlung zeigen kann, wie Ihre neuen Z\u00e4hne aussehen werden. Wir glauben, dass sich diese innovative Methode in naher Zukunft weiterentwickeln wird und somit die zahn\u00e4rztliche Behandlung praktischer werden wird.<\/h4>\n<\/div><div class=\"bt_bb_separator bt_bb_border_style_none bt_bb_bottom_spacing_large\" data-bt-override-class=\"null\"><\/div><\/div><\/div><div  class=\"bt_bb_column col-xxl-6 col-xl-6 bt_bb_vertical_align_middle bt_bb_align_center btLazyLoadBackground bt_bb_column_background_image bt_bb_padding_normal bt_bb_animation_fade_in animate\" style=\"background-image:url(&#039;https:\/\/kalkandent.com\/wp-content\/plugins\/bold-page-builder\/img\/blank.gif&#039;);background-position:center;background-size:cover;\" data-background_image_src='https:\/\/kalkandent.com\/wp-content\/uploads\/2020\/02\/img-slider-03.jpg' data-width=\"6\" data-bt-override-class=\"{&quot;bt_bb_align_&quot;:{&quot;current_class&quot;:&quot;bt_bb_align_center&quot;,&quot;xxl&quot;:&quot;center&quot;,&quot;xl&quot;:&quot;center&quot;}}\"><div class=\"bt_bb_column_content\"><div class=\"bt_bb_separator bt_bb_border_style_none bt_bb_bottom_spacing_large bt_bb_hidden_xs\" data-bt-override-class=\"null\"><\/div><div class=\"bt_bb_row_wrapper\"><div  class=\"bt_bb_row_inner\"  data-bt-override-class=\"{}\"><div  class=\"bt_bb_column_inner col-xxl-3 col-xl-3 bt_bb_align_left bt_bb_vertical_align_top bt_bb_padding_normal\"  data-width=\"3\" data-bt-override-class=\"{}\"><div class=\"bt_bb_column_inner_content\"><div class=\"bt_bb_column_inner_highlight\"><\/div><\/div><\/div><div  class=\"bt_bb_column_inner col-xxl-6 col-xl-6 bt_bb_align_center bt_bb_vertical_align_top bt_bb_padding_normal\" style=\"background-color:rgba(255,255,255,0);\" data-width=\"6\" data-bt-override-class=\"{&quot;bt_bb_align_&quot;:{&quot;current_class&quot;:&quot;bt_bb_align_center&quot;,&quot;xxl&quot;:&quot;center&quot;,&quot;xl&quot;:&quot;center&quot;}}\"><div class=\"bt_bb_column_inner_content\"><div class=\"bt_bb_separator bt_bb_border_style_none bt_bb_top_spacing_extra_small bt_bb_bottom_spacing_normal\" data-bt-override-class=\"null\"><\/div><div class=\"bt_bb_separator bt_bb_border_style_none bt_bb_top_spacing_extra_small bt_bb_bottom_spacing_normal\" data-bt-override-class=\"null\"><\/div><div class=\"bt_bb_column_inner_highlight\"><\/div><\/div><\/div><div  class=\"bt_bb_column_inner col-xxl-3 col-xl-3 bt_bb_align_left bt_bb_vertical_align_top\"  data-width=\"3\" data-bt-override-class=\"{}\"><div class=\"bt_bb_column_inner_content\"><div class=\"bt_bb_column_inner_highlight\"><\/div><\/div><\/div><\/div><\/div><div class=\"bt_bb_separator bt_bb_border_style_none bt_bb_bottom_spacing_large bt_bb_hidden_xs\" data-bt-override-class=\"null\"><\/div><\/div><\/div><\/div><\/div><\/div><!-- cell_inner --><\/div><!-- cell --><\/div><!-- port --><\/section>\r\n<script><\/script>","protected":false},"excerpt":{"rendered":"<p>Credibly reintermediate backend ideas for cross-platform models. Continually reintermediate integrated processes through technically sound intellectual capital. Holistically foster superior methodologies without market-driven best practices.<\/p>","protected":false},"author":2,"featured_media":0,"parent":147,"menu_order":0,"comment_status":"closed","ping_status":"closed","template":"","meta":{"footnotes":""},"class_list":["post-148","page","type-page","status-publish","hentry"],"yoast_head":"<!-- This site is optimized with the Yoast SEO plugin v26.8 - https:\/\/yoast.com\/product\/yoast-seo-wordpress\/ -->\n<title>Dijital G\u00fcl\u00fc\u015f Tasar\u0131m\u0131 - Kalkan Dent<\/title>\n<meta name=\"robots\" content=\"index, follow, max-snippet:-1, max-image-preview:large, max-video-preview:-1\" \/>\n<link rel=\"canonical\" href=\"https:\/\/kalkandent.com\/de\/tedaviler\/dijital-gulus-tasarimi\/\" \/>\n<meta property=\"og:locale\" content=\"de_DE\" \/>\n<meta property=\"og:type\" content=\"article\" \/>\n<meta property=\"og:title\" content=\"Dijital G\u00fcl\u00fc\u015f Tasar\u0131m\u0131 - Kalkan Dent\" \/>\n<meta property=\"og:description\" content=\"Credibly reintermediate backend ideas for cross-platform models. Continually reintermediate integrated processes through technically sound intellectual capital. Holistically foster superior methodologies without market-driven best practices.\" \/>\n<meta property=\"og:url\" content=\"https:\/\/kalkandent.com\/de\/tedaviler\/dijital-gulus-tasarimi\/\" \/>\n<meta property=\"og:site_name\" content=\"Kalkan Dent\" \/>\n<meta property=\"article:modified_time\" content=\"2021-07-15T18:25:05+00:00\" \/>\n<meta name=\"twitter:card\" content=\"summary_large_image\" \/>\n<meta name=\"twitter:label1\" content=\"Gesch\u00e4tzte Lesezeit\" \/>\n\t<meta name=\"twitter:data1\" content=\"11\u00a0Minuten\" \/>\n<script type=\"application\/ld+json\" class=\"yoast-schema-graph\">{\"@context\":\"https:\/\/schema.org\",\"@graph\":[{\"@type\":\"WebPage\",\"@id\":\"https:\/\/kalkandent.com\/tedaviler\/dijital-gulus-tasarimi\/\",\"url\":\"https:\/\/kalkandent.com\/tedaviler\/dijital-gulus-tasarimi\/\",\"name\":\"Dijital G\u00fcl\u00fc\u015f Tasar\u0131m\u0131 - Kalkan Dent\",\"isPartOf\":{\"@id\":\"https:\/\/kalkandent.com\/#website\"},\"datePublished\":\"2019-12-30T11:36:37+00:00\",\"dateModified\":\"2021-07-15T18:25:05+00:00\",\"breadcrumb\":{\"@id\":\"https:\/\/kalkandent.com\/tedaviler\/dijital-gulus-tasarimi\/#breadcrumb\"},\"inLanguage\":\"de\",\"potentialAction\":[{\"@type\":\"ReadAction\",\"target\":[\"https:\/\/kalkandent.com\/tedaviler\/dijital-gulus-tasarimi\/\"]}]},{\"@type\":\"BreadcrumbList\",\"@id\":\"https:\/\/kalkandent.com\/tedaviler\/dijital-gulus-tasarimi\/#breadcrumb\",\"itemListElement\":[{\"@type\":\"ListItem\",\"position\":1,\"name\":\"Anasayfa\",\"item\":\"https:\/\/kalkandent.com\/\"},{\"@type\":\"ListItem\",\"position\":2,\"name\":\"Tedaviler\",\"item\":\"https:\/\/kalkandent.com\/tedaviler\/\"},{\"@type\":\"ListItem\",\"position\":3,\"name\":\"Dijital G\u00fcl\u00fc\u015f Tasar\u0131m\u0131\"}]},{\"@type\":\"WebSite\",\"@id\":\"https:\/\/kalkandent.com\/#website\",\"url\":\"https:\/\/kalkandent.com\/\",\"name\":\"Kalkan Dent\",\"description\":\"Dental Clinic\",\"publisher\":{\"@id\":\"https:\/\/kalkandent.com\/#organization\"},\"potentialAction\":[{\"@type\":\"SearchAction\",\"target\":{\"@type\":\"EntryPoint\",\"urlTemplate\":\"https:\/\/kalkandent.com\/?s={search_term_string}\"},\"query-input\":{\"@type\":\"PropertyValueSpecification\",\"valueRequired\":true,\"valueName\":\"search_term_string\"}}],\"inLanguage\":\"de\"},{\"@type\":\"Organization\",\"@id\":\"https:\/\/kalkandent.com\/#organization\",\"name\":\"Kalkan Dent\",\"url\":\"https:\/\/kalkandent.com\/\",\"logo\":{\"@type\":\"ImageObject\",\"inLanguage\":\"de\",\"@id\":\"https:\/\/kalkandent.com\/#\/schema\/logo\/image\/\",\"url\":\"https:\/\/kalkandent.com\/wp-content\/uploads\/2021\/09\/k6-1280x854.jpg\",\"contentUrl\":\"https:\/\/kalkandent.com\/wp-content\/uploads\/2021\/09\/k6-1280x854.jpg\",\"width\":1280,\"height\":854,\"caption\":\"Kalkan Dent\"},\"image\":{\"@id\":\"https:\/\/kalkandent.com\/#\/schema\/logo\/image\/\"},\"sameAs\":[\"https:\/\/www.instagram.com\/kalkandent\/\"]}]}<\/script>\n<!-- \/ Yoast SEO plugin. -->","yoast_head_json":{"title":"Dijital G\u00fcl\u00fc\u015f Tasar\u0131m\u0131 - Kalkan Dent","robots":{"index":"index","follow":"follow","max-snippet":"max-snippet:-1","max-image-preview":"max-image-preview:large","max-video-preview":"max-video-preview:-1"},"canonical":"https:\/\/kalkandent.com\/de\/tedaviler\/dijital-gulus-tasarimi\/","og_locale":"de_DE","og_type":"article","og_title":"Dijital G\u00fcl\u00fc\u015f Tasar\u0131m\u0131 - Kalkan Dent","og_description":"Credibly reintermediate backend ideas for cross-platform models. Continually reintermediate integrated processes through technically sound intellectual capital. Holistically foster superior methodologies without market-driven best practices.","og_url":"https:\/\/kalkandent.com\/de\/tedaviler\/dijital-gulus-tasarimi\/","og_site_name":"Kalkan Dent","article_modified_time":"2021-07-15T18:25:05+00:00","twitter_card":"summary_large_image","twitter_misc":{"Gesch\u00e4tzte Lesezeit":"11\u00a0Minuten"},"schema":{"@context":"https:\/\/schema.org","@graph":[{"@type":"WebPage","@id":"https:\/\/kalkandent.com\/tedaviler\/dijital-gulus-tasarimi\/","url":"https:\/\/kalkandent.com\/tedaviler\/dijital-gulus-tasarimi\/","name":"Dijital G\u00fcl\u00fc\u015f Tasar\u0131m\u0131 - Kalkan Dent","isPartOf":{"@id":"https:\/\/kalkandent.com\/#website"},"datePublished":"2019-12-30T11:36:37+00:00","dateModified":"2021-07-15T18:25:05+00:00","breadcrumb":{"@id":"https:\/\/kalkandent.com\/tedaviler\/dijital-gulus-tasarimi\/#breadcrumb"},"inLanguage":"de","potentialAction":[{"@type":"ReadAction","target":["https:\/\/kalkandent.com\/tedaviler\/dijital-gulus-tasarimi\/"]}]},{"@type":"BreadcrumbList","@id":"https:\/\/kalkandent.com\/tedaviler\/dijital-gulus-tasarimi\/#breadcrumb","itemListElement":[{"@type":"ListItem","position":1,"name":"Anasayfa","item":"https:\/\/kalkandent.com\/"},{"@type":"ListItem","position":2,"name":"Tedaviler","item":"https:\/\/kalkandent.com\/tedaviler\/"},{"@type":"ListItem","position":3,"name":"Dijital G\u00fcl\u00fc\u015f Tasar\u0131m\u0131"}]},{"@type":"WebSite","@id":"https:\/\/kalkandent.com\/#website","url":"https:\/\/kalkandent.com\/","name":"Kalkan Dent","description":"Dental Clinic","publisher":{"@id":"https:\/\/kalkandent.com\/#organization"},"potentialAction":[{"@type":"SearchAction","target":{"@type":"EntryPoint","urlTemplate":"https:\/\/kalkandent.com\/?s={search_term_string}"},"query-input":{"@type":"PropertyValueSpecification","valueRequired":true,"valueName":"search_term_string"}}],"inLanguage":"de"},{"@type":"Organization","@id":"https:\/\/kalkandent.com\/#organization","name":"Kalkan Dent","url":"https:\/\/kalkandent.com\/","logo":{"@type":"ImageObject","inLanguage":"de","@id":"https:\/\/kalkandent.com\/#\/schema\/logo\/image\/","url":"https:\/\/kalkandent.com\/wp-content\/uploads\/2021\/09\/k6-1280x854.jpg","contentUrl":"https:\/\/kalkandent.com\/wp-content\/uploads\/2021\/09\/k6-1280x854.jpg","width":1280,"height":854,"caption":"Kalkan Dent"},"image":{"@id":"https:\/\/kalkandent.com\/#\/schema\/logo\/image\/"},"sameAs":["https:\/\/www.instagram.com\/kalkandent\/"]}]}},"_links":{"self":[{"href":"https:\/\/kalkandent.com\/de\/wp-json\/wp\/v2\/pages\/148","targetHints":{"allow":["GET"]}}],"collection":[{"href":"https:\/\/kalkandent.com\/de\/wp-json\/wp\/v2\/pages"}],"about":[{"href":"https:\/\/kalkandent.com\/de\/wp-json\/wp\/v2\/types\/page"}],"author":[{"embeddable":true,"href":"https:\/\/kalkandent.com\/de\/wp-json\/wp\/v2\/users\/2"}],"replies":[{"embeddable":true,"href":"https:\/\/kalkandent.com\/de\/wp-json\/wp\/v2\/comments?post=148"}],"version-history":[{"count":16,"href":"https:\/\/kalkandent.com\/de\/wp-json\/wp\/v2\/pages\/148\/revisions"}],"predecessor-version":[{"id":1314,"href":"https:\/\/kalkandent.com\/de\/wp-json\/wp\/v2\/pages\/148\/revisions\/1314"}],"up":[{"embeddable":true,"href":"https:\/\/kalkandent.com\/de\/wp-json\/wp\/v2\/pages\/147"}],"wp:attachment":[{"href":"https:\/\/kalkandent.com\/de\/wp-json\/wp\/v2\/media?parent=148"}],"curies":[{"name":"wp","href":"https:\/\/api.w.org\/{rel}","templated":true}]}}