{"id":315,"date":"2019-12-30T11:27:42","date_gmt":"2019-12-30T11:27:42","guid":{"rendered":"http:\/\/denticare.bold-themes.com\/michelle\/?page_id=110"},"modified":"2021-07-15T20:31:38","modified_gmt":"2021-07-15T20:31:38","slug":"yorumlar","status":"publish","type":"page","link":"https:\/\/kalkandent.com\/de\/yorumlar\/","title":{"rendered":"Kommentare"},"content":{"rendered":"<section id=\"bt_bb_section69e1a762d4174\" class=\"bt_bb_section bt_bb_color_scheme_1 bt_bb_layout_boxed_1200 bt_bb_vertical_align_top bt_bb_section_show_left_boxed_content bt_bb_overlap_columns_left_under\" style=\"background: transparent;; --section-primary-color:#ffffff; --section-secondary-color:#191919;\" data-bt-override-class=\"null\"><div class=\"bt_bb_port\"><div class=\"bt_bb_cell\"><div class=\"bt_bb_cell_inner\"><div class=\"bt_bb_row_wrapper\"><div  class=\"bt_bb_row bt_bb_column_gap_25\"  data-bt-override-class=\"{}\"><div  class=\"bt_bb_column col-xxl-7 col-xl-7 bt_bb_vertical_align_middle bt_bb_align_left bt_bb_highlight bt_bb_padding_double bt_bb_animation_fade_in animate\"  data-width=\"7\" data-bt-override-class=\"{}\"><div class=\"bt_bb_column_content\" style=\"background-color:rgba(0, 175, 137, 1);\"><div class=\"bt_bb_separator bt_bb_border_style_none bt_bb_top_spacing_small bt_bb_bottom_spacing_normal\" data-bt-override-class=\"null\"><\/div><header class=\"bt_bb_headline bt_bb_dash_none bt_bb_size_medium bt_bb_align_inherit bt_bb_dash_type_none\" data-bt-override-class=\"{&quot;bt_bb_align_&quot;:{&quot;current_class&quot;:&quot;bt_bb_align_inherit&quot;,&quot;xxl&quot;:&quot;inherit&quot;,&quot;xl&quot;:&quot;inherit&quot;}}\"><h2 style=\"font-size:3.125em\" class=\"bt_bb_headline_tag\"><span class=\"bt_bb_headline_content\"><span><s>Gl\u00fcckliche <strong>Kommentare<\/strong><\/s><\/span><\/span><\/h2><\/header><div class=\"bt_bb_separator bt_bb_border_style_none bt_bb_top_spacing_extra_small bt_bb_bottom_spacing_small\" data-bt-override-class=\"null\"><\/div><div class=\"bt_bb_content_slider bt_bb_content_slider_23967 bt_bb_gap_extra_large bt_bb_arrows_size_no_arrows bt_bb_arrows_style_transparent_accent bt_bb_arrows_position_outside bt_bb_show_dots_hide bt_bb_dots_style_accent_dot bt_bb_show_paging_as_dots bt_bb_height_auto bt_bb_animation_slide bt_bb_animation_slide animate\"><div class=\"slick-slider\"  data-slick='{ \"lazyLoad\": \"progressive\", \"cssEase\": \"ease-out\", \"speed\": \"600\", \"accessibility\": false, \"prevArrow\": \"\", \"nextArrow\": \"\", \"adaptiveHeight\": true,\"autoplay\": true, \"autoplaySpeed\": 3000}' ><div class=\"bt_bb_content_slider_item\"><div class=\"bt_bb_content_slider_item_content content\"><div class=\"bt_bb_row_wrapper\"><div  class=\"bt_bb_row_inner\"  data-bt-override-class=\"{}\"><div  class=\"bt_bb_column_inner col-xxl-12 col-xl-12 col-xs-12 col-sm-12 col-md-12 col-lg-12 bt_bb_align_left bt_bb_vertical_align_middle bt_bb_padding_normal\"  data-width=\"12\" data-bt-override-class=\"{}\"><div class=\"bt_bb_column_inner_content\"><header class=\"bt_bb_headline bt_bb_font_weight_bold bt_bb_dash_none bt_bb_size_medium bt_bb_align_inherit bt_bb_dash_type_none\" data-bt-override-class=\"{&quot;bt_bb_align_&quot;:{&quot;current_class&quot;:&quot;bt_bb_align_inherit&quot;,&quot;xxl&quot;:&quot;inherit&quot;,&quot;xl&quot;:&quot;inherit&quot;}}\"><h5 class=\"bt_bb_headline_tag\"><span class=\"bt_bb_headline_content\"><span><u>\u0130brahim \u00c7elik<\/u><\/span><\/span><\/h5><\/header><div class=\"bt_bb_separator bt_bb_border_style_solid bt_bb_top_spacing_small bt_bb_bottom_spacing_small\" data-bt-override-class=\"null\"><\/div><div  class=\"bt_bb_text\" ><div class=\"jxjCjc\">\n<div>\n<h4 class=\"Jtu6Td\">Sie verwenden die neueste Technologie, Ger\u00e4te (Tomographie, Laserscanner) sowie die hochwertigsten Verbundwerkstoffe. Ich wurde nur von Herrn Dr. Cenk behandelt, \u00fcber die anderen Experten habe ich keine Information aber Dr. Cenk ist definitiv ein guter Zahnarzt.<\/h4>\n<\/div>\n<\/div>\n<\/div><div class=\"bt_bb_column_inner_highlight\"><\/div><\/div><\/div><\/div><\/div><\/div><\/div><div class=\"bt_bb_content_slider_item\"><div class=\"bt_bb_content_slider_item_content content\"><div class=\"bt_bb_row_wrapper\"><div  class=\"bt_bb_row_inner\"  data-bt-override-class=\"{}\"><div  class=\"bt_bb_column_inner col-xxl-12 col-xl-12 col-xs-12 col-sm-12 col-md-12 col-lg-12 bt_bb_align_left bt_bb_vertical_align_middle bt_bb_padding_normal\"  data-width=\"12\" data-bt-override-class=\"{}\"><div class=\"bt_bb_column_inner_content\"><header class=\"bt_bb_headline bt_bb_font_weight_bold bt_bb_dash_none bt_bb_size_medium bt_bb_align_inherit bt_bb_dash_type_none\" data-bt-override-class=\"{&quot;bt_bb_align_&quot;:{&quot;current_class&quot;:&quot;bt_bb_align_inherit&quot;,&quot;xxl&quot;:&quot;inherit&quot;,&quot;xl&quot;:&quot;inherit&quot;}}\"><h5 class=\"bt_bb_headline_tag\"><span class=\"bt_bb_headline_content\"><span><u>Cem \u015eahin<\/u><\/span><\/span><\/h5><\/header><div class=\"bt_bb_separator bt_bb_border_style_solid bt_bb_top_spacing_small bt_bb_bottom_spacing_small\" data-bt-override-class=\"null\"><\/div><div  class=\"bt_bb_text\" ><div class=\"jxjCjc\">\n<div>\n<h4 class=\"Jtu6Td\"><span class=\"review-full-text\" tabindex=\"-1\">Diese Einrichtung ist nicht nur in Kalkan, sondern in der Region die hochmodernste Einrichtung. Um Ihre Z\u00e4hne zu behandeln wird das hochqualifizierte Personal von modernster Technologie unterst\u00fctzt um die Prozesse von den einfachsten bis zu den fortschrittlichsten auszuf\u00fchren.<\/span><\/h4>\n<\/div>\n<\/div>\n<\/div><div class=\"bt_bb_column_inner_highlight\"><\/div><\/div><\/div><\/div><\/div><\/div><\/div><div class=\"bt_bb_content_slider_item\"><div class=\"bt_bb_content_slider_item_content content\"><div class=\"bt_bb_row_wrapper\"><div  class=\"bt_bb_row_inner\"  data-bt-override-class=\"{}\"><div  class=\"bt_bb_column_inner col-xxl-12 col-xl-12 col-xs-12 col-sm-12 col-md-12 col-lg-12 bt_bb_align_left bt_bb_vertical_align_middle bt_bb_padding_normal\"  data-width=\"12\" data-bt-override-class=\"{}\"><div class=\"bt_bb_column_inner_content\"><header class=\"bt_bb_headline bt_bb_font_weight_bold bt_bb_dash_none bt_bb_size_medium bt_bb_align_inherit bt_bb_dash_type_none\" data-bt-override-class=\"{&quot;bt_bb_align_&quot;:{&quot;current_class&quot;:&quot;bt_bb_align_inherit&quot;,&quot;xxl&quot;:&quot;inherit&quot;,&quot;xl&quot;:&quot;inherit&quot;}}\"><h5 class=\"bt_bb_headline_tag\"><span class=\"bt_bb_headline_content\"><span><u>Burcu Demirer<\/u><\/span><\/span><\/h5><\/header><div class=\"bt_bb_separator bt_bb_border_style_solid bt_bb_top_spacing_small bt_bb_bottom_spacing_small\" data-bt-override-class=\"null\"><\/div><div  class=\"bt_bb_text\" ><div class=\"jxjCjc\">\n<div>\n<h4 class=\"Jtu6Td\">Ich bedanke mich sehr herzlich bei dem Herrn Cenk \u015eahin und sein Team. Sie waren \u00e4u\u00dferst geduldig, warmherzig und haben sich gut um mich gek\u00fcmmert. Ich bin mit Zahnschmerzen gekommen und bin fr\u00f6hlich rausgegangen.<\/h4>\n<\/div>\n<\/div>\n<\/div><div class=\"bt_bb_column_inner_highlight\"><\/div><\/div><\/div><\/div><\/div><\/div><\/div><\/div><\/div><div class=\"bt_bb_separator bt_bb_border_style_none bt_bb_top_spacing_small bt_bb_bottom_spacing_normal\" data-bt-override-class=\"null\"><\/div><div class=\"bt_bb_column_highlight\"><\/div><\/div><\/div><div  class=\"bt_bb_column col-xxl-5 col-xl-5 bt_bb_vertical_align_top bt_bb_align_left bt_bb_padding_normal\" style=\"padding: 0;\" data-width=\"5\" data-bt-override-class=\"{}\"><div class=\"bt_bb_column_content\"><div class=\"bt_bb_image bt_bb_shape_square bt_bb_target_self bt_bb_align_inherit bt_bb_hover_style_simple bt_bb_content_display_always bt_bb_content_align_middle\" data-bt-override-class=\"{&quot;bt_bb_align_&quot;:{&quot;current_class&quot;:&quot;bt_bb_align_inherit&quot;,&quot;xxl&quot;:&quot;inherit&quot;,&quot;xl&quot;:&quot;inherit&quot;}}\"><span><img loading=\"lazy\" decoding=\"async\" width=\"2500\" height=\"1667\" src=\"https:\/\/kalkandent.com\/wp-content\/uploads\/2020\/01\/post-07.jpg\" class=\"attachment-full size-full\" alt=\"https:\/\/kalkandent.com\/wp-content\/uploads\/2020\/01\/post-07.jpg\" data-full_image_src=\"https:\/\/kalkandent.com\/wp-content\/uploads\/2020\/01\/post-07.jpg\" srcset=\"https:\/\/kalkandent.com\/wp-content\/uploads\/2020\/01\/post-07.jpg 2500w, https:\/\/kalkandent.com\/wp-content\/uploads\/2020\/01\/post-07-640x427.jpg 640w, https:\/\/kalkandent.com\/wp-content\/uploads\/2020\/01\/post-07-1280x854.jpg 1280w, https:\/\/kalkandent.com\/wp-content\/uploads\/2020\/01\/post-07-768x512.jpg 768w, https:\/\/kalkandent.com\/wp-content\/uploads\/2020\/01\/post-07-1536x1024.jpg 1536w, https:\/\/kalkandent.com\/wp-content\/uploads\/2020\/01\/post-07-2048x1366.jpg 2048w, https:\/\/kalkandent.com\/wp-content\/uploads\/2020\/01\/post-07-320x213.jpg 320w\" sizes=\"auto, (max-width: 2500px) 100vw, 2500px\" \/><\/span><\/div><\/div><\/div><\/div><\/div><\/div><!-- cell_inner --><\/div><!-- cell --><\/div><!-- port --><\/section>\r\n<script><\/script>","protected":false},"excerpt":{"rendered":"<p>Phosfluorescently expedite impactful supply chains via focused results. Holistically generate open-source applications through bleeding-edge sources. Compellingly supply just in time catalysts for change through top-line potentialities.<\/p>","protected":false},"author":2,"featured_media":729,"parent":0,"menu_order":0,"comment_status":"closed","ping_status":"closed","template":"","meta":{"footnotes":""},"class_list":["post-315","page","type-page","status-publish","has-post-thumbnail","hentry"],"yoast_head":"<!-- This site is optimized with the Yoast SEO plugin v26.8 - https:\/\/yoast.com\/product\/yoast-seo-wordpress\/ -->\n<title>Yorumlar - Kalkan Dent<\/title>\n<meta name=\"robots\" content=\"index, follow, max-snippet:-1, max-image-preview:large, max-video-preview:-1\" \/>\n<link rel=\"canonical\" href=\"https:\/\/kalkandent.com\/de\/yorumlar\/\" \/>\n<meta property=\"og:locale\" content=\"de_DE\" \/>\n<meta property=\"og:type\" content=\"article\" \/>\n<meta property=\"og:title\" content=\"Yorumlar - Kalkan Dent\" \/>\n<meta property=\"og:description\" content=\"Phosfluorescently expedite impactful supply chains via focused results. Holistically generate open-source applications through bleeding-edge sources. Compellingly supply just in time catalysts for change through top-line potentialities.\" \/>\n<meta property=\"og:url\" content=\"https:\/\/kalkandent.com\/de\/yorumlar\/\" \/>\n<meta property=\"og:site_name\" content=\"Kalkan Dent\" \/>\n<meta property=\"article:modified_time\" content=\"2021-07-15T20:31:38+00:00\" \/>\n<meta property=\"og:image\" content=\"https:\/\/kalkandent.com\/wp-content\/uploads\/2020\/01\/post-30.jpg\" \/>\n\t<meta property=\"og:image:width\" content=\"2500\" \/>\n\t<meta property=\"og:image:height\" content=\"1667\" \/>\n\t<meta property=\"og:image:type\" content=\"image\/jpeg\" \/>\n<meta name=\"twitter:card\" content=\"summary_large_image\" \/>\n<meta name=\"twitter:label1\" content=\"Gesch\u00e4tzte Lesezeit\" \/>\n\t<meta name=\"twitter:data1\" content=\"6\u00a0Minuten\" \/>\n<script type=\"application\/ld+json\" class=\"yoast-schema-graph\">{\"@context\":\"https:\/\/schema.org\",\"@graph\":[{\"@type\":\"WebPage\",\"@id\":\"https:\/\/kalkandent.com\/yorumlar\/\",\"url\":\"https:\/\/kalkandent.com\/yorumlar\/\",\"name\":\"Yorumlar - Kalkan Dent\",\"isPartOf\":{\"@id\":\"https:\/\/kalkandent.com\/#website\"},\"primaryImageOfPage\":{\"@id\":\"https:\/\/kalkandent.com\/yorumlar\/#primaryimage\"},\"image\":{\"@id\":\"https:\/\/kalkandent.com\/yorumlar\/#primaryimage\"},\"thumbnailUrl\":\"https:\/\/kalkandent.com\/wp-content\/uploads\/2020\/01\/post-30.jpg\",\"datePublished\":\"2019-12-30T11:27:42+00:00\",\"dateModified\":\"2021-07-15T20:31:38+00:00\",\"breadcrumb\":{\"@id\":\"https:\/\/kalkandent.com\/yorumlar\/#breadcrumb\"},\"inLanguage\":\"de\",\"potentialAction\":[{\"@type\":\"ReadAction\",\"target\":[\"https:\/\/kalkandent.com\/yorumlar\/\"]}]},{\"@type\":\"ImageObject\",\"inLanguage\":\"de\",\"@id\":\"https:\/\/kalkandent.com\/yorumlar\/#primaryimage\",\"url\":\"https:\/\/kalkandent.com\/wp-content\/uploads\/2020\/01\/post-30.jpg\",\"contentUrl\":\"https:\/\/kalkandent.com\/wp-content\/uploads\/2020\/01\/post-30.jpg\",\"width\":2500,\"height\":1667},{\"@type\":\"BreadcrumbList\",\"@id\":\"https:\/\/kalkandent.com\/yorumlar\/#breadcrumb\",\"itemListElement\":[{\"@type\":\"ListItem\",\"position\":1,\"name\":\"Anasayfa\",\"item\":\"https:\/\/kalkandent.com\/\"},{\"@type\":\"ListItem\",\"position\":2,\"name\":\"Yorumlar\"}]},{\"@type\":\"WebSite\",\"@id\":\"https:\/\/kalkandent.com\/#website\",\"url\":\"https:\/\/kalkandent.com\/\",\"name\":\"Kalkan Dent\",\"description\":\"Dental Clinic\",\"publisher\":{\"@id\":\"https:\/\/kalkandent.com\/#organization\"},\"potentialAction\":[{\"@type\":\"SearchAction\",\"target\":{\"@type\":\"EntryPoint\",\"urlTemplate\":\"https:\/\/kalkandent.com\/?s={search_term_string}\"},\"query-input\":{\"@type\":\"PropertyValueSpecification\",\"valueRequired\":true,\"valueName\":\"search_term_string\"}}],\"inLanguage\":\"de\"},{\"@type\":\"Organization\",\"@id\":\"https:\/\/kalkandent.com\/#organization\",\"name\":\"Kalkan Dent\",\"url\":\"https:\/\/kalkandent.com\/\",\"logo\":{\"@type\":\"ImageObject\",\"inLanguage\":\"de\",\"@id\":\"https:\/\/kalkandent.com\/#\/schema\/logo\/image\/\",\"url\":\"https:\/\/kalkandent.com\/wp-content\/uploads\/2021\/09\/k6-1280x854.jpg\",\"contentUrl\":\"https:\/\/kalkandent.com\/wp-content\/uploads\/2021\/09\/k6-1280x854.jpg\",\"width\":1280,\"height\":854,\"caption\":\"Kalkan Dent\"},\"image\":{\"@id\":\"https:\/\/kalkandent.com\/#\/schema\/logo\/image\/\"},\"sameAs\":[\"https:\/\/www.instagram.com\/kalkandent\/\"]}]}<\/script>\n<!-- \/ Yoast SEO plugin. -->","yoast_head_json":{"title":"Yorumlar - Kalkan Dent","robots":{"index":"index","follow":"follow","max-snippet":"max-snippet:-1","max-image-preview":"max-image-preview:large","max-video-preview":"max-video-preview:-1"},"canonical":"https:\/\/kalkandent.com\/de\/yorumlar\/","og_locale":"de_DE","og_type":"article","og_title":"Yorumlar - Kalkan Dent","og_description":"Phosfluorescently expedite impactful supply chains via focused results. Holistically generate open-source applications through bleeding-edge sources. Compellingly supply just in time catalysts for change through top-line potentialities.","og_url":"https:\/\/kalkandent.com\/de\/yorumlar\/","og_site_name":"Kalkan Dent","article_modified_time":"2021-07-15T20:31:38+00:00","og_image":[{"width":2500,"height":1667,"url":"https:\/\/kalkandent.com\/wp-content\/uploads\/2020\/01\/post-30.jpg","type":"image\/jpeg"}],"twitter_card":"summary_large_image","twitter_misc":{"Gesch\u00e4tzte Lesezeit":"6\u00a0Minuten"},"schema":{"@context":"https:\/\/schema.org","@graph":[{"@type":"WebPage","@id":"https:\/\/kalkandent.com\/yorumlar\/","url":"https:\/\/kalkandent.com\/yorumlar\/","name":"Yorumlar - Kalkan Dent","isPartOf":{"@id":"https:\/\/kalkandent.com\/#website"},"primaryImageOfPage":{"@id":"https:\/\/kalkandent.com\/yorumlar\/#primaryimage"},"image":{"@id":"https:\/\/kalkandent.com\/yorumlar\/#primaryimage"},"thumbnailUrl":"https:\/\/kalkandent.com\/wp-content\/uploads\/2020\/01\/post-30.jpg","datePublished":"2019-12-30T11:27:42+00:00","dateModified":"2021-07-15T20:31:38+00:00","breadcrumb":{"@id":"https:\/\/kalkandent.com\/yorumlar\/#breadcrumb"},"inLanguage":"de","potentialAction":[{"@type":"ReadAction","target":["https:\/\/kalkandent.com\/yorumlar\/"]}]},{"@type":"ImageObject","inLanguage":"de","@id":"https:\/\/kalkandent.com\/yorumlar\/#primaryimage","url":"https:\/\/kalkandent.com\/wp-content\/uploads\/2020\/01\/post-30.jpg","contentUrl":"https:\/\/kalkandent.com\/wp-content\/uploads\/2020\/01\/post-30.jpg","width":2500,"height":1667},{"@type":"BreadcrumbList","@id":"https:\/\/kalkandent.com\/yorumlar\/#breadcrumb","itemListElement":[{"@type":"ListItem","position":1,"name":"Anasayfa","item":"https:\/\/kalkandent.com\/"},{"@type":"ListItem","position":2,"name":"Yorumlar"}]},{"@type":"WebSite","@id":"https:\/\/kalkandent.com\/#website","url":"https:\/\/kalkandent.com\/","name":"Kalkan Dent","description":"Dental Clinic","publisher":{"@id":"https:\/\/kalkandent.com\/#organization"},"potentialAction":[{"@type":"SearchAction","target":{"@type":"EntryPoint","urlTemplate":"https:\/\/kalkandent.com\/?s={search_term_string}"},"query-input":{"@type":"PropertyValueSpecification","valueRequired":true,"valueName":"search_term_string"}}],"inLanguage":"de"},{"@type":"Organization","@id":"https:\/\/kalkandent.com\/#organization","name":"Kalkan Dent","url":"https:\/\/kalkandent.com\/","logo":{"@type":"ImageObject","inLanguage":"de","@id":"https:\/\/kalkandent.com\/#\/schema\/logo\/image\/","url":"https:\/\/kalkandent.com\/wp-content\/uploads\/2021\/09\/k6-1280x854.jpg","contentUrl":"https:\/\/kalkandent.com\/wp-content\/uploads\/2021\/09\/k6-1280x854.jpg","width":1280,"height":854,"caption":"Kalkan Dent"},"image":{"@id":"https:\/\/kalkandent.com\/#\/schema\/logo\/image\/"},"sameAs":["https:\/\/www.instagram.com\/kalkandent\/"]}]}},"_links":{"self":[{"href":"https:\/\/kalkandent.com\/de\/wp-json\/wp\/v2\/pages\/315","targetHints":{"allow":["GET"]}}],"collection":[{"href":"https:\/\/kalkandent.com\/de\/wp-json\/wp\/v2\/pages"}],"about":[{"href":"https:\/\/kalkandent.com\/de\/wp-json\/wp\/v2\/types\/page"}],"author":[{"embeddable":true,"href":"https:\/\/kalkandent.com\/de\/wp-json\/wp\/v2\/users\/2"}],"replies":[{"embeddable":true,"href":"https:\/\/kalkandent.com\/de\/wp-json\/wp\/v2\/comments?post=315"}],"version-history":[{"count":8,"href":"https:\/\/kalkandent.com\/de\/wp-json\/wp\/v2\/pages\/315\/revisions"}],"predecessor-version":[{"id":1428,"href":"https:\/\/kalkandent.com\/de\/wp-json\/wp\/v2\/pages\/315\/revisions\/1428"}],"wp:featuredmedia":[{"embeddable":true,"href":"https:\/\/kalkandent.com\/de\/wp-json\/wp\/v2\/media\/729"}],"wp:attachment":[{"href":"https:\/\/kalkandent.com\/de\/wp-json\/wp\/v2\/media?parent=315"}],"curies":[{"name":"wp","href":"https:\/\/api.w.org\/{rel}","templated":true}]}}