{"id":148,"date":"2019-12-30T11:36:37","date_gmt":"2019-12-30T11:36:37","guid":{"rendered":"http:\/\/denticare.bold-themes.com\/michelle\/?page_id=148"},"modified":"2021-07-15T18:25:05","modified_gmt":"2021-07-15T18:25:05","slug":"dijital-gulus-tasarimi","status":"publish","type":"page","link":"https:\/\/kalkandent.com\/en\/tedaviler\/dijital-gulus-tasarimi\/","title":{"rendered":"Digital Smile Design"},"content":{"rendered":"<section id=\"bt_bb_section6a04ce40a9539\" class=\"bt_bb_section bt_bb_layout_boxed_1200 bt_bb_vertical_align_top bt_bb_section_show_left_boxed_content\"  data-bt-override-class=\"null\"><div class=\"bt_bb_port\"><div class=\"bt_bb_cell\"><div class=\"bt_bb_cell_inner\"><div class=\"bt_bb_row_wrapper\"><div  class=\"bt_bb_row bt_bb_column_gap_35\"  data-bt-override-class=\"{}\"><div  class=\"bt_bb_column col-xxl-6 col-xl-6 bt_bb_vertical_align_top bt_bb_align_left bt_bb_padding_text_indent bt_bb_animation_fade_in animate\" style=\"background-color: rgba(225, 232, 240, 1);\" data-width=\"6\" data-bt-override-class=\"{}\"><div class=\"bt_bb_column_content\"><div class=\"bt_bb_separator bt_bb_border_style_none bt_bb_bottom_spacing_large\" data-bt-override-class=\"null\"><\/div><header class=\"bt_bb_headline bt_bb_font_weight_bold bt_bb_color_scheme_7 bt_bb_dash_none bt_bb_size_large bt_bb_align_inherit bt_bb_dash_type_none\" style=\"; --primary-color:#104099; --secondary-color:#191919;\" data-bt-override-class=\"{&quot;bt_bb_align_&quot;:{&quot;current_class&quot;:&quot;bt_bb_align_inherit&quot;,&quot;xxl&quot;:&quot;inherit&quot;,&quot;xl&quot;:&quot;inherit&quot;}}\"><h2 style=\"font-size:5.625em\" class=\"bt_bb_headline_tag\"><span class=\"bt_bb_headline_content\"><span><small><u>Digital Smile<\/u><\/small><br \/>\r\nDesign<\/span><\/span><\/h2><\/header><div class=\"bt_bb_separator bt_bb_border_style_none bt_bb_top_spacing_extra_small bt_bb_bottom_spacing_small\" data-bt-override-class=\"null\"><\/div><div  class=\"bt_bb_text\" ><h4><strong>Digital Smile Design<\/strong><\/h4>\n<h4>In recent years, the definition of digital smile design has been frequently encountered. Some developments keep up with the digital age, not only in the field of dentistry but also in all other fields. With Digital Smile Design, dental treatment is now more practical, painless, simple, and target oriented. The margin of error is zero. Traditional dental treatment is performed with intraoral scanners and computer support. In this way, the patient will feel more comfortable and confident about the treatment results. Of course, dentists' work became easier, and they began to perform dental treatments more effectively. With the CEREC CAD\/CAM system, dental treatments that used to take days or even weeks can now be completed in just a few hours. With this special system, oral images can be taken and transferred to the computer, which shortens the treatment time and starts to give more effective results. All restorative dental treatments can be performed through these systems. This is an innovative system for dental veneers, smile designs, fillings, and many other dental treatments.<\/h4>\n<\/div><div class=\"bt_bb_separator bt_bb_border_style_none bt_bb_bottom_spacing_large\" data-bt-override-class=\"null\"><\/div><\/div><\/div><div  class=\"bt_bb_column col-xxl-6 col-xl-6 bt_bb_vertical_align_middle bt_bb_align_center btLazyLoadBackground bt_bb_column_background_image bt_bb_padding_normal bt_bb_animation_fade_in animate\" style=\"background-image:url(&#039;https:\/\/kalkandent.com\/wp-content\/plugins\/bold-page-builder\/img\/blank.gif&#039;);background-position:center;background-size:cover;\" data-background_image_src='https:\/\/kalkandent.com\/wp-content\/uploads\/2020\/01\/teeth-after.jpg' data-width=\"6\" data-bt-override-class=\"{&quot;bt_bb_align_&quot;:{&quot;current_class&quot;:&quot;bt_bb_align_center&quot;,&quot;xxl&quot;:&quot;center&quot;,&quot;xl&quot;:&quot;center&quot;}}\"><div class=\"bt_bb_column_content\"><div class=\"bt_bb_separator bt_bb_border_style_none bt_bb_bottom_spacing_large bt_bb_hidden_xs\" data-bt-override-class=\"null\"><\/div><div class=\"bt_bb_row_wrapper\"><div  class=\"bt_bb_row_inner\"  data-bt-override-class=\"{}\"><div  class=\"bt_bb_column_inner col-xxl-3 col-xl-3 bt_bb_align_left bt_bb_vertical_align_top bt_bb_padding_normal\"  data-width=\"3\" data-bt-override-class=\"{}\"><div class=\"bt_bb_column_inner_content\"><div class=\"bt_bb_column_inner_highlight\"><\/div><\/div><\/div><div  class=\"bt_bb_column_inner col-xxl-6 col-xl-6 bt_bb_align_center bt_bb_vertical_align_top bt_bb_padding_normal\" style=\"background-color:rgba(255,255,255,0);\" data-width=\"6\" data-bt-override-class=\"{&quot;bt_bb_align_&quot;:{&quot;current_class&quot;:&quot;bt_bb_align_center&quot;,&quot;xxl&quot;:&quot;center&quot;,&quot;xl&quot;:&quot;center&quot;}}\"><div class=\"bt_bb_column_inner_content\"><div class=\"bt_bb_separator bt_bb_border_style_none bt_bb_top_spacing_extra_small bt_bb_bottom_spacing_normal\" data-bt-override-class=\"null\"><\/div><div class=\"bt_bb_separator bt_bb_border_style_none bt_bb_top_spacing_extra_small bt_bb_bottom_spacing_normal\" data-bt-override-class=\"null\"><\/div><div class=\"bt_bb_column_inner_highlight\"><\/div><\/div><\/div><div  class=\"bt_bb_column_inner col-xxl-3 col-xl-3 bt_bb_align_left bt_bb_vertical_align_top\"  data-width=\"3\" data-bt-override-class=\"{}\"><div class=\"bt_bb_column_inner_content\"><div class=\"bt_bb_column_inner_highlight\"><\/div><\/div><\/div><\/div><\/div><div class=\"bt_bb_separator bt_bb_border_style_none bt_bb_bottom_spacing_large bt_bb_hidden_xs\" data-bt-override-class=\"null\"><\/div><\/div><\/div><\/div><\/div><\/div><!-- cell_inner --><\/div><!-- cell --><\/div><!-- port --><\/section><section id=\"bt_bb_section6a04ce40aa1d8\" class=\"bt_bb_section bt_bb_layout_boxed_1200 bt_bb_vertical_align_top bt_bb_section_show_left_boxed_content\"  data-bt-override-class=\"null\"><div class=\"bt_bb_port\"><div class=\"bt_bb_cell\"><div class=\"bt_bb_cell_inner\"><div class=\"bt_bb_row_wrapper\"><div  class=\"bt_bb_row bt_bb_column_gap_35\"  data-bt-override-class=\"{}\"><div  class=\"bt_bb_column col-xxl-6 col-xl-6 bt_bb_vertical_align_middle bt_bb_align_center btLazyLoadBackground bt_bb_column_background_image bt_bb_padding_normal bt_bb_animation_fade_in animate\" style=\"background-image:url(&#039;https:\/\/kalkandent.com\/wp-content\/plugins\/bold-page-builder\/img\/blank.gif&#039;);background-position:center;background-size:cover;\" data-background_image_src='https:\/\/kalkandent.com\/wp-content\/uploads\/2021\/07\/Gulus-tasarimi-1.jpg' data-width=\"6\" data-bt-override-class=\"{&quot;bt_bb_align_&quot;:{&quot;current_class&quot;:&quot;bt_bb_align_center&quot;,&quot;xxl&quot;:&quot;center&quot;,&quot;xl&quot;:&quot;center&quot;}}\"><div class=\"bt_bb_column_content\"><div class=\"bt_bb_separator bt_bb_border_style_none bt_bb_bottom_spacing_large bt_bb_hidden_xs\" data-bt-override-class=\"null\"><\/div><div class=\"bt_bb_row_wrapper\"><div  class=\"bt_bb_row_inner\"  data-bt-override-class=\"{}\"><div  class=\"bt_bb_column_inner col-xxl-3 col-xl-3 bt_bb_align_left bt_bb_vertical_align_top bt_bb_padding_normal\"  data-width=\"3\" data-bt-override-class=\"{}\"><div class=\"bt_bb_column_inner_content\"><div class=\"bt_bb_column_inner_highlight\"><\/div><\/div><\/div><div  class=\"bt_bb_column_inner col-xxl-6 col-xl-6 bt_bb_align_center bt_bb_vertical_align_top bt_bb_padding_normal\" style=\"background-color:rgba(255,255,255,0);\" data-width=\"6\" data-bt-override-class=\"{&quot;bt_bb_align_&quot;:{&quot;current_class&quot;:&quot;bt_bb_align_center&quot;,&quot;xxl&quot;:&quot;center&quot;,&quot;xl&quot;:&quot;center&quot;}}\"><div class=\"bt_bb_column_inner_content\"><div class=\"bt_bb_separator bt_bb_border_style_none bt_bb_top_spacing_extra_small bt_bb_bottom_spacing_normal\" data-bt-override-class=\"null\"><\/div><div class=\"bt_bb_separator bt_bb_border_style_none bt_bb_top_spacing_extra_small bt_bb_bottom_spacing_normal\" data-bt-override-class=\"null\"><\/div><div class=\"bt_bb_column_inner_highlight\"><\/div><\/div><\/div><div  class=\"bt_bb_column_inner col-xxl-3 col-xl-3 bt_bb_align_left bt_bb_vertical_align_top\"  data-width=\"3\" data-bt-override-class=\"{}\"><div class=\"bt_bb_column_inner_content\"><div class=\"bt_bb_column_inner_highlight\"><\/div><\/div><\/div><\/div><\/div><div class=\"bt_bb_separator bt_bb_border_style_none bt_bb_bottom_spacing_large bt_bb_hidden_xs\" data-bt-override-class=\"null\"><\/div><\/div><\/div><div  class=\"bt_bb_column col-xxl-6 col-xl-6 bt_bb_vertical_align_top bt_bb_align_left bt_bb_padding_text_indent bt_bb_animation_fade_in animate\" style=\"background-color: rgba(225, 232, 240, 1);\" data-width=\"6\" data-bt-override-class=\"{}\"><div class=\"bt_bb_column_content\"><div class=\"bt_bb_separator bt_bb_border_style_none bt_bb_bottom_spacing_large\" data-bt-override-class=\"null\"><\/div><div  class=\"bt_bb_text\" ><h4><strong>What is digital smile design? <\/strong><\/h4>\n<h4>It is the easiest way to have perfect smiles. The entire application is computer-aided and designed practically. The margin of error in the system is very low, more effective solutions are offered and the treatment steps are applied sequentially. The system is now used in all dental clinics. Of course, just one system is not enough. The correct use of this innovative modern system is also very important. Digital components are used at every stage of dental treatment and computer support is used from the preparation stage to the completion stage. Briefly, it is a technique designed to make past manual dental treatments more comfortable. It is a system that can perform intraoral imaging, tooth measurement, tooth restoration, and even tooth production. Computer-aided design or computer-aided production (CAD\/CAM) and 3D printing, cone beam computed tomography (CBCT), intraoral cameras, digital x-ray photography are all used within the scope of digital smile design.<\/h4>\n<\/div><div class=\"bt_bb_separator bt_bb_border_style_none bt_bb_bottom_spacing_large\" data-bt-override-class=\"null\"><\/div><\/div><\/div><\/div><\/div><\/div><!-- cell_inner --><\/div><!-- cell --><\/div><!-- port --><\/section><section id=\"bt_bb_section6a04ce40aaa8b\" class=\"bt_bb_section bt_bb_layout_boxed_1200 bt_bb_vertical_align_top bt_bb_section_show_left_boxed_content\"  data-bt-override-class=\"null\"><div class=\"bt_bb_port\"><div class=\"bt_bb_cell\"><div class=\"bt_bb_cell_inner\"><div class=\"bt_bb_row_wrapper\"><div  class=\"bt_bb_row bt_bb_column_gap_35\"  data-bt-override-class=\"{}\"><div  class=\"bt_bb_column col-xxl-6 col-xl-6 bt_bb_vertical_align_top bt_bb_align_left bt_bb_padding_text_indent bt_bb_animation_fade_in animate\" style=\"background-color: rgba(225, 232, 240, 1);\" data-width=\"6\" data-bt-override-class=\"{}\"><div class=\"bt_bb_column_content\"><div class=\"bt_bb_separator bt_bb_border_style_none bt_bb_bottom_spacing_large\" data-bt-override-class=\"null\"><\/div><div  class=\"bt_bb_text\" ><h4><strong>How is digital smile design applied?<\/strong><\/h4>\n<h4>Digital smile design provides many advantages for doctors and patients. Diagnosing dental diseases and applying early treatment is an advantage for both patients and doctors. Components such as intraoral scanners, 3D printers, and CAD\/CAD systems are what make the treatment perfect. Many dental diseases can be treated with intraoral scanners 3D printers and CAD\/CAD systems used within the scope of digital smile design. It is an excellent system that can be applied to dental fillings, restorations, x-rays, dental veneers, smile aesthetics, and all other dental treatments. Thanks to this method, which is used specifically for aesthetic dental applications, you will be able to see in advance what kind of smile and teeth you will have after the treatment. In other words, it is a system that can show you how your new teeth look before the treatment. We believe that this innovative method will develop further soon, and dental treatment will become more practical.<\/h4>\n<\/div><div class=\"bt_bb_separator bt_bb_border_style_none bt_bb_bottom_spacing_large\" data-bt-override-class=\"null\"><\/div><\/div><\/div><div  class=\"bt_bb_column col-xxl-6 col-xl-6 bt_bb_vertical_align_middle bt_bb_align_center btLazyLoadBackground bt_bb_column_background_image bt_bb_padding_normal bt_bb_animation_fade_in animate\" style=\"background-image:url(&#039;https:\/\/kalkandent.com\/wp-content\/plugins\/bold-page-builder\/img\/blank.gif&#039;);background-position:center;background-size:cover;\" data-background_image_src='https:\/\/kalkandent.com\/wp-content\/uploads\/2020\/02\/img-slider-03.jpg' data-width=\"6\" data-bt-override-class=\"{&quot;bt_bb_align_&quot;:{&quot;current_class&quot;:&quot;bt_bb_align_center&quot;,&quot;xxl&quot;:&quot;center&quot;,&quot;xl&quot;:&quot;center&quot;}}\"><div class=\"bt_bb_column_content\"><div class=\"bt_bb_separator bt_bb_border_style_none bt_bb_bottom_spacing_large bt_bb_hidden_xs\" data-bt-override-class=\"null\"><\/div><div class=\"bt_bb_row_wrapper\"><div  class=\"bt_bb_row_inner\"  data-bt-override-class=\"{}\"><div  class=\"bt_bb_column_inner col-xxl-3 col-xl-3 bt_bb_align_left bt_bb_vertical_align_top bt_bb_padding_normal\"  data-width=\"3\" data-bt-override-class=\"{}\"><div class=\"bt_bb_column_inner_content\"><div class=\"bt_bb_column_inner_highlight\"><\/div><\/div><\/div><div  class=\"bt_bb_column_inner col-xxl-6 col-xl-6 bt_bb_align_center bt_bb_vertical_align_top bt_bb_padding_normal\" style=\"background-color:rgba(255,255,255,0);\" data-width=\"6\" data-bt-override-class=\"{&quot;bt_bb_align_&quot;:{&quot;current_class&quot;:&quot;bt_bb_align_center&quot;,&quot;xxl&quot;:&quot;center&quot;,&quot;xl&quot;:&quot;center&quot;}}\"><div class=\"bt_bb_column_inner_content\"><div class=\"bt_bb_separator bt_bb_border_style_none bt_bb_top_spacing_extra_small bt_bb_bottom_spacing_normal\" data-bt-override-class=\"null\"><\/div><div class=\"bt_bb_separator bt_bb_border_style_none bt_bb_top_spacing_extra_small bt_bb_bottom_spacing_normal\" data-bt-override-class=\"null\"><\/div><div class=\"bt_bb_column_inner_highlight\"><\/div><\/div><\/div><div  class=\"bt_bb_column_inner col-xxl-3 col-xl-3 bt_bb_align_left bt_bb_vertical_align_top\"  data-width=\"3\" data-bt-override-class=\"{}\"><div class=\"bt_bb_column_inner_content\"><div class=\"bt_bb_column_inner_highlight\"><\/div><\/div><\/div><\/div><\/div><div class=\"bt_bb_separator bt_bb_border_style_none bt_bb_bottom_spacing_large bt_bb_hidden_xs\" data-bt-override-class=\"null\"><\/div><\/div><\/div><\/div><\/div><\/div><!-- cell_inner --><\/div><!-- cell --><\/div><!-- port --><\/section>\r\n<script><\/script>","protected":false},"excerpt":{"rendered":"<p>Credibly reintermediate backend ideas for cross-platform models. Continually reintermediate integrated processes through technically sound intellectual capital. Holistically foster superior methodologies without market-driven best practices.<\/p>","protected":false},"author":2,"featured_media":0,"parent":147,"menu_order":0,"comment_status":"closed","ping_status":"closed","template":"","meta":{"footnotes":""},"class_list":["post-148","page","type-page","status-publish","hentry"],"yoast_head":"<!-- This site is optimized with the Yoast SEO plugin v26.8 - https:\/\/yoast.com\/product\/yoast-seo-wordpress\/ -->\n<title>Dijital G\u00fcl\u00fc\u015f Tasar\u0131m\u0131 - Kalkan Dent<\/title>\n<meta name=\"robots\" content=\"index, follow, max-snippet:-1, max-image-preview:large, max-video-preview:-1\" \/>\n<link rel=\"canonical\" href=\"https:\/\/kalkandent.com\/en\/tedaviler\/dijital-gulus-tasarimi\/\" \/>\n<meta property=\"og:locale\" content=\"en_US\" \/>\n<meta property=\"og:type\" content=\"article\" \/>\n<meta property=\"og:title\" content=\"Dijital G\u00fcl\u00fc\u015f Tasar\u0131m\u0131 - Kalkan Dent\" \/>\n<meta property=\"og:description\" content=\"Credibly reintermediate backend ideas for cross-platform models. Continually reintermediate integrated processes through technically sound intellectual capital. Holistically foster superior methodologies without market-driven best practices.\" \/>\n<meta property=\"og:url\" content=\"https:\/\/kalkandent.com\/en\/tedaviler\/dijital-gulus-tasarimi\/\" \/>\n<meta property=\"og:site_name\" content=\"Kalkan Dent\" \/>\n<meta property=\"article:modified_time\" content=\"2021-07-15T18:25:05+00:00\" \/>\n<meta name=\"twitter:card\" content=\"summary_large_image\" \/>\n<meta name=\"twitter:label1\" content=\"Est. reading time\" \/>\n\t<meta name=\"twitter:data1\" content=\"11 minutes\" \/>\n<script type=\"application\/ld+json\" class=\"yoast-schema-graph\">{\"@context\":\"https:\/\/schema.org\",\"@graph\":[{\"@type\":\"WebPage\",\"@id\":\"https:\/\/kalkandent.com\/tedaviler\/dijital-gulus-tasarimi\/\",\"url\":\"https:\/\/kalkandent.com\/tedaviler\/dijital-gulus-tasarimi\/\",\"name\":\"Dijital G\u00fcl\u00fc\u015f Tasar\u0131m\u0131 - Kalkan Dent\",\"isPartOf\":{\"@id\":\"https:\/\/kalkandent.com\/#website\"},\"datePublished\":\"2019-12-30T11:36:37+00:00\",\"dateModified\":\"2021-07-15T18:25:05+00:00\",\"breadcrumb\":{\"@id\":\"https:\/\/kalkandent.com\/tedaviler\/dijital-gulus-tasarimi\/#breadcrumb\"},\"inLanguage\":\"en-US\",\"potentialAction\":[{\"@type\":\"ReadAction\",\"target\":[\"https:\/\/kalkandent.com\/tedaviler\/dijital-gulus-tasarimi\/\"]}]},{\"@type\":\"BreadcrumbList\",\"@id\":\"https:\/\/kalkandent.com\/tedaviler\/dijital-gulus-tasarimi\/#breadcrumb\",\"itemListElement\":[{\"@type\":\"ListItem\",\"position\":1,\"name\":\"Anasayfa\",\"item\":\"https:\/\/kalkandent.com\/\"},{\"@type\":\"ListItem\",\"position\":2,\"name\":\"Tedaviler\",\"item\":\"https:\/\/kalkandent.com\/tedaviler\/\"},{\"@type\":\"ListItem\",\"position\":3,\"name\":\"Dijital G\u00fcl\u00fc\u015f Tasar\u0131m\u0131\"}]},{\"@type\":\"WebSite\",\"@id\":\"https:\/\/kalkandent.com\/#website\",\"url\":\"https:\/\/kalkandent.com\/\",\"name\":\"Kalkan Dent\",\"description\":\"Dental Clinic\",\"publisher\":{\"@id\":\"https:\/\/kalkandent.com\/#organization\"},\"potentialAction\":[{\"@type\":\"SearchAction\",\"target\":{\"@type\":\"EntryPoint\",\"urlTemplate\":\"https:\/\/kalkandent.com\/?s={search_term_string}\"},\"query-input\":{\"@type\":\"PropertyValueSpecification\",\"valueRequired\":true,\"valueName\":\"search_term_string\"}}],\"inLanguage\":\"en-US\"},{\"@type\":\"Organization\",\"@id\":\"https:\/\/kalkandent.com\/#organization\",\"name\":\"Kalkan Dent\",\"url\":\"https:\/\/kalkandent.com\/\",\"logo\":{\"@type\":\"ImageObject\",\"inLanguage\":\"en-US\",\"@id\":\"https:\/\/kalkandent.com\/#\/schema\/logo\/image\/\",\"url\":\"https:\/\/kalkandent.com\/wp-content\/uploads\/2021\/09\/k6-1280x854.jpg\",\"contentUrl\":\"https:\/\/kalkandent.com\/wp-content\/uploads\/2021\/09\/k6-1280x854.jpg\",\"width\":1280,\"height\":854,\"caption\":\"Kalkan Dent\"},\"image\":{\"@id\":\"https:\/\/kalkandent.com\/#\/schema\/logo\/image\/\"},\"sameAs\":[\"https:\/\/www.instagram.com\/kalkandent\/\"]}]}<\/script>\n<!-- \/ Yoast SEO plugin. -->","yoast_head_json":{"title":"Dijital G\u00fcl\u00fc\u015f Tasar\u0131m\u0131 - Kalkan Dent","robots":{"index":"index","follow":"follow","max-snippet":"max-snippet:-1","max-image-preview":"max-image-preview:large","max-video-preview":"max-video-preview:-1"},"canonical":"https:\/\/kalkandent.com\/en\/tedaviler\/dijital-gulus-tasarimi\/","og_locale":"en_US","og_type":"article","og_title":"Dijital G\u00fcl\u00fc\u015f Tasar\u0131m\u0131 - Kalkan Dent","og_description":"Credibly reintermediate backend ideas for cross-platform models. Continually reintermediate integrated processes through technically sound intellectual capital. Holistically foster superior methodologies without market-driven best practices.","og_url":"https:\/\/kalkandent.com\/en\/tedaviler\/dijital-gulus-tasarimi\/","og_site_name":"Kalkan Dent","article_modified_time":"2021-07-15T18:25:05+00:00","twitter_card":"summary_large_image","twitter_misc":{"Est. reading time":"11 minutes"},"schema":{"@context":"https:\/\/schema.org","@graph":[{"@type":"WebPage","@id":"https:\/\/kalkandent.com\/tedaviler\/dijital-gulus-tasarimi\/","url":"https:\/\/kalkandent.com\/tedaviler\/dijital-gulus-tasarimi\/","name":"Dijital G\u00fcl\u00fc\u015f Tasar\u0131m\u0131 - Kalkan Dent","isPartOf":{"@id":"https:\/\/kalkandent.com\/#website"},"datePublished":"2019-12-30T11:36:37+00:00","dateModified":"2021-07-15T18:25:05+00:00","breadcrumb":{"@id":"https:\/\/kalkandent.com\/tedaviler\/dijital-gulus-tasarimi\/#breadcrumb"},"inLanguage":"en-US","potentialAction":[{"@type":"ReadAction","target":["https:\/\/kalkandent.com\/tedaviler\/dijital-gulus-tasarimi\/"]}]},{"@type":"BreadcrumbList","@id":"https:\/\/kalkandent.com\/tedaviler\/dijital-gulus-tasarimi\/#breadcrumb","itemListElement":[{"@type":"ListItem","position":1,"name":"Anasayfa","item":"https:\/\/kalkandent.com\/"},{"@type":"ListItem","position":2,"name":"Tedaviler","item":"https:\/\/kalkandent.com\/tedaviler\/"},{"@type":"ListItem","position":3,"name":"Dijital G\u00fcl\u00fc\u015f Tasar\u0131m\u0131"}]},{"@type":"WebSite","@id":"https:\/\/kalkandent.com\/#website","url":"https:\/\/kalkandent.com\/","name":"Kalkan Dent","description":"Dental Clinic","publisher":{"@id":"https:\/\/kalkandent.com\/#organization"},"potentialAction":[{"@type":"SearchAction","target":{"@type":"EntryPoint","urlTemplate":"https:\/\/kalkandent.com\/?s={search_term_string}"},"query-input":{"@type":"PropertyValueSpecification","valueRequired":true,"valueName":"search_term_string"}}],"inLanguage":"en-US"},{"@type":"Organization","@id":"https:\/\/kalkandent.com\/#organization","name":"Kalkan Dent","url":"https:\/\/kalkandent.com\/","logo":{"@type":"ImageObject","inLanguage":"en-US","@id":"https:\/\/kalkandent.com\/#\/schema\/logo\/image\/","url":"https:\/\/kalkandent.com\/wp-content\/uploads\/2021\/09\/k6-1280x854.jpg","contentUrl":"https:\/\/kalkandent.com\/wp-content\/uploads\/2021\/09\/k6-1280x854.jpg","width":1280,"height":854,"caption":"Kalkan Dent"},"image":{"@id":"https:\/\/kalkandent.com\/#\/schema\/logo\/image\/"},"sameAs":["https:\/\/www.instagram.com\/kalkandent\/"]}]}},"_links":{"self":[{"href":"https:\/\/kalkandent.com\/en\/wp-json\/wp\/v2\/pages\/148","targetHints":{"allow":["GET"]}}],"collection":[{"href":"https:\/\/kalkandent.com\/en\/wp-json\/wp\/v2\/pages"}],"about":[{"href":"https:\/\/kalkandent.com\/en\/wp-json\/wp\/v2\/types\/page"}],"author":[{"embeddable":true,"href":"https:\/\/kalkandent.com\/en\/wp-json\/wp\/v2\/users\/2"}],"replies":[{"embeddable":true,"href":"https:\/\/kalkandent.com\/en\/wp-json\/wp\/v2\/comments?post=148"}],"version-history":[{"count":16,"href":"https:\/\/kalkandent.com\/en\/wp-json\/wp\/v2\/pages\/148\/revisions"}],"predecessor-version":[{"id":1314,"href":"https:\/\/kalkandent.com\/en\/wp-json\/wp\/v2\/pages\/148\/revisions\/1314"}],"up":[{"embeddable":true,"href":"https:\/\/kalkandent.com\/en\/wp-json\/wp\/v2\/pages\/147"}],"wp:attachment":[{"href":"https:\/\/kalkandent.com\/en\/wp-json\/wp\/v2\/media?parent=148"}],"curies":[{"name":"wp","href":"https:\/\/api.w.org\/{rel}","templated":true}]}}